{"id":4076,"date":"2026-01-26T14:22:44","date_gmt":"2026-01-26T14:22:44","guid":{"rendered":"https:\/\/atelierbonjour.be\/?page_id=4076"},"modified":"2026-01-26T15:49:40","modified_gmt":"2026-01-26T15:49:40","slug":"gift-voucher-etterbeek","status":"publish","type":"page","link":"https:\/\/atelierbonjour.be\/fr\/gift-voucher-etterbeek\/","title":{"rendered":"Gift Voucher Etterbeek"},"content":{"rendered":"<figure class=\"wp-block-image size-large\"><img loading=\"lazy\" decoding=\"async\" width=\"1024\" height=\"726\" src=\"https:\/\/atelierbonjour.be\/wp-content\/uploads\/2025\/01\/Gift-Voucher_New-1024x726.jpg\" alt=\"\" class=\"wp-image-1930\" srcset=\"https:\/\/atelierbonjour.be\/wp-content\/uploads\/2025\/01\/Gift-Voucher_New-1024x726.jpg 1024w, https:\/\/atelierbonjour.be\/wp-content\/uploads\/2025\/01\/Gift-Voucher_New-300x213.jpg 300w, https:\/\/atelierbonjour.be\/wp-content\/uploads\/2025\/01\/Gift-Voucher_New-768x545.jpg 768w, https:\/\/atelierbonjour.be\/wp-content\/uploads\/2025\/01\/Gift-Voucher_New-1536x1090.jpg 1536w, https:\/\/atelierbonjour.be\/wp-content\/uploads\/2025\/01\/Gift-Voucher_New-600x426.jpg 600w, https:\/\/atelierbonjour.be\/wp-content\/uploads\/2025\/01\/Gift-Voucher_New.jpg 1748w\" sizes=\"auto, (max-width: 1024px) 100vw, 1024px\" \/><\/figure>\n\n\n\n<p class=\"has-text-align-center\" style=\"font-size:13px\"><\/p>\n\n\n\n<p class=\"has-text-align-center\" style=\"font-size:13px\">Vous pouvez acheter un bon cadeau pour vos amis ou votre famille, et ils pourront participer \u00e0 <a href=\"https:\/\/atelierbonjour.be\/fr\/events-etterbeek\/\">l'\u00e9v\u00e9nement<\/a> de leur choix. Le bon cadeau personnalis\u00e9 que vous recevrez contient un code unique, valable 6 mois, qui peut \u00eatre utilis\u00e9 pour s'inscrire aux \u00e9v\u00e9nements sur notre site web. Afin de le personnaliser, veuillez laisser une note lors de votre commande avec le nom de la personne \u00e0 qui vous envoyez le bon, ou contactez-nous apr\u00e8s la commande \u00e0 notre adresse e-mail.<\/p>\n\n\n\n<p class=\"has-text-align-center\" style=\"font-size:13px\">La validit\u00e9 des bons cadeaux est de 6 mois.<br>Notre bon cadeau peut \u00eatre un pr\u00e9sent unique pour vos proches et leur permettra de vivre une exp\u00e9rience sp\u00e9ciale et non conventionnelle (et qui sait, peut-\u00eatre cela se transformera-t-il en une nouvelle passion). Ils en parleront certainement longtemps et cet \u00e9v\u00e9nement laissera un souvenir durable et agr\u00e9able<\/p>\n\n\n\n<p class=\"has-text-align-center\" style=\"font-size:13px\">Veuillez nous contacter par e-mail \u00e0 l'adresse <a href=\"mailto:atelierbonjourrrr@gmail.com\" target=\"_blank\" rel=\"noreferrer noopener\">atelierbonjourrrr@gmail.com<\/a> si vous avez des questions ou si vous souhaitez acheter un bon cadeau.<\/p>\n\n\n\n<div class=\"wp-block-buttons is-content-justification-center is-layout-flex wp-container-core-buttons-is-layout-16018d1d wp-block-buttons-is-layout-flex\">\n<div class=\"wp-block-button has-custom-width wp-block-button__width-50\"><a class=\"wp-block-button__link has-custom-font-size wp-element-button\" href=\"https:\/\/atelierbonjour.be\/fr\/produit\/gift-voucher\/\" style=\"font-size:8px\">Acheter un bon cadeau<\/a><\/div>\n<\/div>","protected":false},"excerpt":{"rendered":"<p>You can purchase a gift voucher for your friends or family and they can join an event of their choice. The personalized gift voucher you will receive contains a unique code, valid for 6 months, that can be used to register for the events on our website. In order to personalize it, please leave a [&hellip;]<\/p>\n","protected":false},"author":2,"featured_media":1930,"parent":0,"menu_order":0,"comment_status":"closed","ping_status":"closed","template":"pages-etterbeek","meta":{"_seopress_robots_primary_cat":"","_seopress_titles_title":"","_seopress_titles_desc":"","_seopress_robots_index":"","_seopress_analysis_target_kw":"","footnotes":""},"class_list":["post-4076","page","type-page","status-publish","has-post-thumbnail","hentry"],"yoast_head":"<!-- This site is optimized with the Yoast SEO plugin v27.5 - https:\/\/yoast.com\/product\/yoast-seo-wordpress\/ -->\n<title>Gift Voucher Etterbeek - Atelier Bonjour Children Painting Classes<\/title>\n<meta name=\"description\" content=\"Painting and drawing lessons for toddlers, children and adults in Etterbeek. Organizing private parties, team-building and Art&amp;Wine events\" \/>\n<meta name=\"robots\" content=\"index, follow, max-snippet:-1, max-image-preview:large, max-video-preview:-1\" \/>\n<link rel=\"canonical\" href=\"https:\/\/atelierbonjour.be\/fr\/gift-voucher-etterbeek\/\" \/>\n<meta property=\"og:locale\" content=\"fr_FR\" \/>\n<meta property=\"og:type\" content=\"article\" \/>\n<meta property=\"og:title\" content=\"Gift Voucher Etterbeek - Atelier Bonjour Children Painting Classes\" \/>\n<meta property=\"og:description\" content=\"Painting and drawing lessons for toddlers, children and adults in Etterbeek. Organizing private parties, team-building and Art&amp;Wine events\" \/>\n<meta property=\"og:url\" content=\"https:\/\/atelierbonjour.be\/fr\/gift-voucher-etterbeek\/\" \/>\n<meta property=\"og:site_name\" content=\"Atelier Bonjour\" \/>\n<meta property=\"article:publisher\" content=\"https:\/\/www.facebook.com\/bonjourrr\" \/>\n<meta property=\"article:modified_time\" content=\"2026-01-26T15:49:40+00:00\" \/>\n<meta property=\"og:image\" content=\"https:\/\/atelierbonjour.be\/wp-content\/uploads\/2025\/01\/Gift-Voucher_New.jpg\" \/>\n\t<meta property=\"og:image:width\" content=\"1748\" \/>\n\t<meta property=\"og:image:height\" content=\"1240\" \/>\n\t<meta property=\"og:image:type\" content=\"image\/jpeg\" \/>\n<meta name=\"twitter:card\" content=\"summary_large_image\" \/>\n<meta name=\"twitter:label1\" content=\"Dur\u00e9e de lecture est.\" \/>\n\t<meta name=\"twitter:data1\" content=\"2 minutes\" \/>\n<script type=\"application\/ld+json\" class=\"yoast-schema-graph\">{\"@context\":\"https:\\\/\\\/schema.org\",\"@graph\":[{\"@type\":\"WebPage\",\"@id\":\"https:\\\/\\\/atelierbonjour.be\\\/gift-voucher-etterbeek\\\/\",\"url\":\"https:\\\/\\\/atelierbonjour.be\\\/gift-voucher-etterbeek\\\/\",\"name\":\"Gift Voucher Etterbeek - Atelier Bonjour Children Painting Classes\",\"isPartOf\":{\"@id\":\"https:\\\/\\\/atelierbonjour.be\\\/#website\"},\"primaryImageOfPage\":{\"@id\":\"https:\\\/\\\/atelierbonjour.be\\\/gift-voucher-etterbeek\\\/#primaryimage\"},\"image\":{\"@id\":\"https:\\\/\\\/atelierbonjour.be\\\/gift-voucher-etterbeek\\\/#primaryimage\"},\"thumbnailUrl\":\"https:\\\/\\\/atelierbonjour.be\\\/wp-content\\\/uploads\\\/2025\\\/01\\\/Gift-Voucher_New.jpg\",\"datePublished\":\"2026-01-26T14:22:44+00:00\",\"dateModified\":\"2026-01-26T15:49:40+00:00\",\"description\":\"Painting and drawing lessons for toddlers, children and adults in Etterbeek. Organizing private parties, team-building and Art&Wine events\",\"breadcrumb\":{\"@id\":\"https:\\\/\\\/atelierbonjour.be\\\/gift-voucher-etterbeek\\\/#breadcrumb\"},\"inLanguage\":\"fr-BE\",\"potentialAction\":[{\"@type\":\"ReadAction\",\"target\":[\"https:\\\/\\\/atelierbonjour.be\\\/gift-voucher-etterbeek\\\/\"]}]},{\"@type\":\"ImageObject\",\"inLanguage\":\"fr-BE\",\"@id\":\"https:\\\/\\\/atelierbonjour.be\\\/gift-voucher-etterbeek\\\/#primaryimage\",\"url\":\"https:\\\/\\\/atelierbonjour.be\\\/wp-content\\\/uploads\\\/2025\\\/01\\\/Gift-Voucher_New.jpg\",\"contentUrl\":\"https:\\\/\\\/atelierbonjour.be\\\/wp-content\\\/uploads\\\/2025\\\/01\\\/Gift-Voucher_New.jpg\",\"width\":1748,\"height\":1240},{\"@type\":\"BreadcrumbList\",\"@id\":\"https:\\\/\\\/atelierbonjour.be\\\/gift-voucher-etterbeek\\\/#breadcrumb\",\"itemListElement\":[{\"@type\":\"ListItem\",\"position\":1,\"name\":\"Home\",\"item\":\"https:\\\/\\\/atelierbonjour.be\\\/\"},{\"@type\":\"ListItem\",\"position\":2,\"name\":\"Gift Voucher Etterbeek\"}]},{\"@type\":\"WebSite\",\"@id\":\"https:\\\/\\\/atelierbonjour.be\\\/#website\",\"url\":\"https:\\\/\\\/atelierbonjour.be\\\/\",\"name\":\"Atelier Bonjour\",\"description\":\"Painting and drawing lessons for toddlers, children and adults in Etterbeek. Organizing private parties, team-building and Art&amp;Wine events\",\"publisher\":{\"@id\":\"https:\\\/\\\/atelierbonjour.be\\\/#organization\"},\"potentialAction\":[{\"@type\":\"SearchAction\",\"target\":{\"@type\":\"EntryPoint\",\"urlTemplate\":\"https:\\\/\\\/atelierbonjour.be\\\/?s={search_term_string}\"},\"query-input\":{\"@type\":\"PropertyValueSpecification\",\"valueRequired\":true,\"valueName\":\"search_term_string\"}}],\"inLanguage\":\"fr-BE\"},{\"@type\":\"Organization\",\"@id\":\"https:\\\/\\\/atelierbonjour.be\\\/#organization\",\"name\":\"Atelier Bonjour\",\"url\":\"https:\\\/\\\/atelierbonjour.be\\\/\",\"logo\":{\"@type\":\"ImageObject\",\"inLanguage\":\"fr-BE\",\"@id\":\"https:\\\/\\\/atelierbonjour.be\\\/#\\\/schema\\\/logo\\\/image\\\/\",\"url\":\"https:\\\/\\\/atelierbonjour.be\\\/wp-content\\\/uploads\\\/2024\\\/09\\\/cropped-IMG_1373.jpg\",\"contentUrl\":\"https:\\\/\\\/atelierbonjour.be\\\/wp-content\\\/uploads\\\/2024\\\/09\\\/cropped-IMG_1373.jpg\",\"width\":512,\"height\":512,\"caption\":\"Atelier Bonjour\"},\"image\":{\"@id\":\"https:\\\/\\\/atelierbonjour.be\\\/#\\\/schema\\\/logo\\\/image\\\/\"},\"sameAs\":[\"https:\\\/\\\/www.facebook.com\\\/bonjourrr\"]}]}<\/script>\n<!-- \/ Yoast SEO plugin. -->","yoast_head_json":{"title":"Gift Voucher Etterbeek - Atelier Bonjour Children Painting Classes","description":"Painting and drawing lessons for toddlers, children and adults in Etterbeek. Organizing private parties, team-building and Art&Wine events","robots":{"index":"index","follow":"follow","max-snippet":"max-snippet:-1","max-image-preview":"max-image-preview:large","max-video-preview":"max-video-preview:-1"},"canonical":"https:\/\/atelierbonjour.be\/fr\/gift-voucher-etterbeek\/","og_locale":"fr_FR","og_type":"article","og_title":"Gift Voucher Etterbeek - Atelier Bonjour Children Painting Classes","og_description":"Painting and drawing lessons for toddlers, children and adults in Etterbeek. Organizing private parties, team-building and Art&Wine events","og_url":"https:\/\/atelierbonjour.be\/fr\/gift-voucher-etterbeek\/","og_site_name":"Atelier Bonjour","article_publisher":"https:\/\/www.facebook.com\/bonjourrr","article_modified_time":"2026-01-26T15:49:40+00:00","og_image":[{"width":1748,"height":1240,"url":"https:\/\/atelierbonjour.be\/wp-content\/uploads\/2025\/01\/Gift-Voucher_New.jpg","type":"image\/jpeg"}],"twitter_card":"summary_large_image","twitter_misc":{"Dur\u00e9e de lecture est.":"2 minutes"},"schema":{"@context":"https:\/\/schema.org","@graph":[{"@type":"WebPage","@id":"https:\/\/atelierbonjour.be\/gift-voucher-etterbeek\/","url":"https:\/\/atelierbonjour.be\/gift-voucher-etterbeek\/","name":"Gift Voucher Etterbeek - Atelier Bonjour Children Painting Classes","isPartOf":{"@id":"https:\/\/atelierbonjour.be\/#website"},"primaryImageOfPage":{"@id":"https:\/\/atelierbonjour.be\/gift-voucher-etterbeek\/#primaryimage"},"image":{"@id":"https:\/\/atelierbonjour.be\/gift-voucher-etterbeek\/#primaryimage"},"thumbnailUrl":"https:\/\/atelierbonjour.be\/wp-content\/uploads\/2025\/01\/Gift-Voucher_New.jpg","datePublished":"2026-01-26T14:22:44+00:00","dateModified":"2026-01-26T15:49:40+00:00","description":"Painting and drawing lessons for toddlers, children and adults in Etterbeek. Organizing private parties, team-building and Art&Wine events","breadcrumb":{"@id":"https:\/\/atelierbonjour.be\/gift-voucher-etterbeek\/#breadcrumb"},"inLanguage":"fr-BE","potentialAction":[{"@type":"ReadAction","target":["https:\/\/atelierbonjour.be\/gift-voucher-etterbeek\/"]}]},{"@type":"ImageObject","inLanguage":"fr-BE","@id":"https:\/\/atelierbonjour.be\/gift-voucher-etterbeek\/#primaryimage","url":"https:\/\/atelierbonjour.be\/wp-content\/uploads\/2025\/01\/Gift-Voucher_New.jpg","contentUrl":"https:\/\/atelierbonjour.be\/wp-content\/uploads\/2025\/01\/Gift-Voucher_New.jpg","width":1748,"height":1240},{"@type":"BreadcrumbList","@id":"https:\/\/atelierbonjour.be\/gift-voucher-etterbeek\/#breadcrumb","itemListElement":[{"@type":"ListItem","position":1,"name":"Home","item":"https:\/\/atelierbonjour.be\/"},{"@type":"ListItem","position":2,"name":"Gift Voucher Etterbeek"}]},{"@type":"WebSite","@id":"https:\/\/atelierbonjour.be\/#website","url":"https:\/\/atelierbonjour.be\/","name":"Atelier Bonjour","description":"Painting and drawing lessons for toddlers, children and adults in Etterbeek. Organizing private parties, team-building and Art&amp;Wine events","publisher":{"@id":"https:\/\/atelierbonjour.be\/#organization"},"potentialAction":[{"@type":"SearchAction","target":{"@type":"EntryPoint","urlTemplate":"https:\/\/atelierbonjour.be\/?s={search_term_string}"},"query-input":{"@type":"PropertyValueSpecification","valueRequired":true,"valueName":"search_term_string"}}],"inLanguage":"fr-BE"},{"@type":"Organization","@id":"https:\/\/atelierbonjour.be\/#organization","name":"Atelier Bonjour","url":"https:\/\/atelierbonjour.be\/","logo":{"@type":"ImageObject","inLanguage":"fr-BE","@id":"https:\/\/atelierbonjour.be\/#\/schema\/logo\/image\/","url":"https:\/\/atelierbonjour.be\/wp-content\/uploads\/2024\/09\/cropped-IMG_1373.jpg","contentUrl":"https:\/\/atelierbonjour.be\/wp-content\/uploads\/2024\/09\/cropped-IMG_1373.jpg","width":512,"height":512,"caption":"Atelier Bonjour"},"image":{"@id":"https:\/\/atelierbonjour.be\/#\/schema\/logo\/image\/"},"sameAs":["https:\/\/www.facebook.com\/bonjourrr"]}]}},"_links":{"self":[{"href":"https:\/\/atelierbonjour.be\/fr\/wp-json\/wp\/v2\/pages\/4076","targetHints":{"allow":["GET"]}}],"collection":[{"href":"https:\/\/atelierbonjour.be\/fr\/wp-json\/wp\/v2\/pages"}],"about":[{"href":"https:\/\/atelierbonjour.be\/fr\/wp-json\/wp\/v2\/types\/page"}],"author":[{"embeddable":true,"href":"https:\/\/atelierbonjour.be\/fr\/wp-json\/wp\/v2\/users\/2"}],"replies":[{"embeddable":true,"href":"https:\/\/atelierbonjour.be\/fr\/wp-json\/wp\/v2\/comments?post=4076"}],"version-history":[{"count":2,"href":"https:\/\/atelierbonjour.be\/fr\/wp-json\/wp\/v2\/pages\/4076\/revisions"}],"predecessor-version":[{"id":4105,"href":"https:\/\/atelierbonjour.be\/fr\/wp-json\/wp\/v2\/pages\/4076\/revisions\/4105"}],"wp:featuredmedia":[{"embeddable":true,"href":"https:\/\/atelierbonjour.be\/fr\/wp-json\/wp\/v2\/media\/1930"}],"wp:attachment":[{"href":"https:\/\/atelierbonjour.be\/fr\/wp-json\/wp\/v2\/media?parent=4076"}],"curies":[{"name":"wp","href":"https:\/\/api.w.org\/{rel}","templated":true}]}}