{"id":4074,"date":"2026-01-26T14:18:54","date_gmt":"2026-01-26T14:18:54","guid":{"rendered":"https:\/\/atelierbonjour.be\/?page_id=4074"},"modified":"2026-03-23T08:35:07","modified_gmt":"2026-03-23T08:35:07","slug":"couple-art-experience-etterbeek","status":"publish","type":"page","link":"https:\/\/atelierbonjour.be\/fr\/couple-art-experience-etterbeek\/","title":{"rendered":"Couple Art Experience Etterbeek"},"content":{"rendered":"<figure class=\"wp-block-image size-large\"><img loading=\"lazy\" decoding=\"async\" width=\"1024\" height=\"576\" src=\"https:\/\/atelierbonjour.be\/wp-content\/uploads\/2025\/10\/The-Art-of-Love-1024x576.jpg\" alt=\"\" class=\"wp-image-3234\" srcset=\"https:\/\/atelierbonjour.be\/wp-content\/uploads\/2025\/10\/The-Art-of-Love-1024x576.jpg 1024w, https:\/\/atelierbonjour.be\/wp-content\/uploads\/2025\/10\/The-Art-of-Love-300x169.jpg 300w, https:\/\/atelierbonjour.be\/wp-content\/uploads\/2025\/10\/The-Art-of-Love-768x432.jpg 768w, https:\/\/atelierbonjour.be\/wp-content\/uploads\/2025\/10\/The-Art-of-Love-1536x864.jpg 1536w, https:\/\/atelierbonjour.be\/wp-content\/uploads\/2025\/10\/The-Art-of-Love-18x10.jpg 18w, https:\/\/atelierbonjour.be\/wp-content\/uploads\/2025\/10\/The-Art-of-Love-600x338.jpg 600w, https:\/\/atelierbonjour.be\/wp-content\/uploads\/2025\/10\/The-Art-of-Love.jpg 1920w\" sizes=\"auto, (max-width: 1024px) 100vw, 1024px\" \/><\/figure>\n\n\n\n<p class=\"has-text-align-center\" style=\"font-size:13px\">C\u00e9l\u00e9brez l\u2019amour de mani\u00e8re cr\u00e9ative et inoubliable ! Notre Exp\u00e9rience Artistique en Couple est une s\u00e9ance de peinture priv\u00e9e de 120 minutes con\u00e7ue sp\u00e9cialement pour deux. Guid\u00e9s par l\u2019un de nos professeurs de l\u2019Atelier Bonjour, vous et votre partenaire cr\u00e9erez un diptyque d\u2019amour \u2014 deux toiles qui forment une \u0153uvre harmonieuse lorsqu\u2019elles sont plac\u00e9es c\u00f4te \u00e0 c\u00f4te.<\/p>\n\n\n\n<figure class=\"wp-block-image size-large\"><img loading=\"lazy\" decoding=\"async\" width=\"1024\" height=\"683\" src=\"https:\/\/atelierbonjour.be\/wp-content\/uploads\/2025\/10\/Couple-Painting-1024x683.png\" alt=\"\" class=\"wp-image-3235\" srcset=\"https:\/\/atelierbonjour.be\/wp-content\/uploads\/2025\/10\/Couple-Painting-1024x683.png 1024w, https:\/\/atelierbonjour.be\/wp-content\/uploads\/2025\/10\/Couple-Painting-300x200.png 300w, https:\/\/atelierbonjour.be\/wp-content\/uploads\/2025\/10\/Couple-Painting-768x512.png 768w, https:\/\/atelierbonjour.be\/wp-content\/uploads\/2025\/10\/Couple-Painting-18x12.png 18w, https:\/\/atelierbonjour.be\/wp-content\/uploads\/2025\/10\/Couple-Painting-600x400.png 600w, https:\/\/atelierbonjour.be\/wp-content\/uploads\/2025\/10\/Couple-Painting.png 1536w\" sizes=\"auto, (max-width: 1024px) 100vw, 1024px\" \/><\/figure>\n\n\n\n<p class=\"has-text-align-center\" style=\"font-size:15px\"><strong>L\u2019exp\u00e9rience comprend\u202f: <\/strong><\/p>\n\n\n\n<p class=\"has-text-align-center\" style=\"font-size:13px\">Deux toiles en lin de haute qualit\u00e9 <\/p>\n\n\n\n<p class=\"has-text-align-center\" style=\"font-size:13px\">Tout le mat\u00e9riel de peinture et les peintures acryliques <\/p>\n\n\n\n<p class=\"has-text-align-center\" style=\"font-size:13px\">Un verre de vin par invit\u00e9 <\/p>\n\n\n\n<p class=\"has-text-align-center\" style=\"font-size:13px\">Une d\u00e9licieuse s\u00e9lection de charcuteries et de douceurs sucr\u00e9es<\/p>\n\n\n\n<p class=\"has-text-align-center\" style=\"font-size:13px\">Ce rendez-vous artistique intime est id\u00e9al pour c\u00e9l\u00e9brer un anniversaire, un anniversaire de mariage ou simplement une soir\u00e9e sp\u00e9ciale \u00e0 deux. D\u00e9tendez-vous, peignez, savourez un verre et profitez de l\u2019instant \u2014 au terme de cette exp\u00e9rience, vous repartirez non seulement avec deux \u0153uvres, mais aussi avec un souvenir partag\u00e9, \u00e9ternis\u00e9 sur la toile.<\/p>\n\n\n\n<p class=\"has-text-align-center\" style=\"font-size:15px\"><strong>Prix\u202f: 100\u202fEUR<\/strong><\/p>\n\n\n\n<div class=\"wp-block-buttons is-content-justification-center is-layout-flex wp-container-core-buttons-is-layout-16018d1d wp-block-buttons-is-layout-flex\">\n<div class=\"wp-block-button has-custom-width wp-block-button__width-75\"><a class=\"wp-block-button__link has-text-align-center has-custom-font-size wp-element-button\" href=\"https:\/\/atelierbonjour.be\/fr\/produit\/couple-art-experience\/\" style=\"font-size:13px\">Achetez cette exp\u00e9rience<\/a><\/div>\n<\/div>\n\n\n\n<p class=\"has-text-align-center\" style=\"font-size:13px\">Veuillez nous contacter \u00e0 l'adresse e-mail <a href=\"\/fr\/atelierbonjourrrr@gmail.com\/\" target=\"_blank\" rel=\"noreferrer noopener\">atelierbonjourrrr@gmail.com<\/a> pour plus d'informations.<\/p>\n\n\n\n<p><\/p>","protected":false},"excerpt":{"rendered":"<p>Celebrate love in a creative and unforgettable way! Our Couple Art Experience is a private 120-minute painting session designed especially for two. Guided by one of our Atelier Bonjour teachers, you and your partner will create a love diptych \u2014 two canvases that form one harmonious artwork when placed together. The experience includes: Two high-quality [&hellip;]<\/p>\n","protected":false},"author":2,"featured_media":0,"parent":0,"menu_order":0,"comment_status":"closed","ping_status":"closed","template":"pages-etterbeek","meta":{"_seopress_robots_primary_cat":"","_seopress_titles_title":"","_seopress_titles_desc":"","_seopress_robots_index":"","_seopress_analysis_target_kw":"","footnotes":""},"class_list":["post-4074","page","type-page","status-publish","hentry"],"yoast_head":"<!-- This site is optimized with the Yoast SEO plugin v27.5 - https:\/\/yoast.com\/product\/yoast-seo-wordpress\/ -->\n<title>Couple Art Experience Etterbeek - Atelier Bonjour Children Painting Classes<\/title>\n<meta name=\"description\" content=\"Painting and drawing lessons for toddlers, children and adults in Etterbeek. Organizing private parties, team-building and Art&amp;Wine events\" \/>\n<meta name=\"robots\" content=\"index, follow, max-snippet:-1, max-image-preview:large, max-video-preview:-1\" \/>\n<link rel=\"canonical\" href=\"https:\/\/atelierbonjour.be\/fr\/couple-art-experience-etterbeek\/\" \/>\n<meta property=\"og:locale\" content=\"fr_FR\" \/>\n<meta property=\"og:type\" content=\"article\" \/>\n<meta property=\"og:title\" content=\"Couple Art Experience Etterbeek - Atelier Bonjour Children Painting Classes\" \/>\n<meta property=\"og:description\" content=\"Painting and drawing lessons for toddlers, children and adults in Etterbeek. Organizing private parties, team-building and Art&amp;Wine events\" \/>\n<meta property=\"og:url\" content=\"https:\/\/atelierbonjour.be\/fr\/couple-art-experience-etterbeek\/\" \/>\n<meta property=\"og:site_name\" content=\"Atelier Bonjour\" \/>\n<meta property=\"article:publisher\" content=\"https:\/\/www.facebook.com\/bonjourrr\" \/>\n<meta property=\"article:modified_time\" content=\"2026-03-23T08:35:07+00:00\" \/>\n<meta property=\"og:image\" content=\"https:\/\/atelierbonjour.be\/wp-content\/uploads\/2025\/10\/The-Art-of-Love-1024x576.jpg\" \/>\n<meta name=\"twitter:card\" content=\"summary_large_image\" \/>\n<meta name=\"twitter:label1\" content=\"Dur\u00e9e de lecture est.\" \/>\n\t<meta name=\"twitter:data1\" content=\"1 minute\" \/>\n<script type=\"application\/ld+json\" class=\"yoast-schema-graph\">{\"@context\":\"https:\\\/\\\/schema.org\",\"@graph\":[{\"@type\":\"WebPage\",\"@id\":\"https:\\\/\\\/atelierbonjour.be\\\/couple-art-experience-etterbeek\\\/\",\"url\":\"https:\\\/\\\/atelierbonjour.be\\\/couple-art-experience-etterbeek\\\/\",\"name\":\"Couple Art Experience Etterbeek - Atelier Bonjour Children Painting Classes\",\"isPartOf\":{\"@id\":\"https:\\\/\\\/atelierbonjour.be\\\/#website\"},\"primaryImageOfPage\":{\"@id\":\"https:\\\/\\\/atelierbonjour.be\\\/couple-art-experience-etterbeek\\\/#primaryimage\"},\"image\":{\"@id\":\"https:\\\/\\\/atelierbonjour.be\\\/couple-art-experience-etterbeek\\\/#primaryimage\"},\"thumbnailUrl\":\"https:\\\/\\\/atelierbonjour.be\\\/wp-content\\\/uploads\\\/2025\\\/10\\\/The-Art-of-Love-1024x576.jpg\",\"datePublished\":\"2026-01-26T14:18:54+00:00\",\"dateModified\":\"2026-03-23T08:35:07+00:00\",\"description\":\"Painting and drawing lessons for toddlers, children and adults in Etterbeek. Organizing private parties, team-building and Art&Wine events\",\"breadcrumb\":{\"@id\":\"https:\\\/\\\/atelierbonjour.be\\\/couple-art-experience-etterbeek\\\/#breadcrumb\"},\"inLanguage\":\"fr-BE\",\"potentialAction\":[{\"@type\":\"ReadAction\",\"target\":[\"https:\\\/\\\/atelierbonjour.be\\\/couple-art-experience-etterbeek\\\/\"]}]},{\"@type\":\"ImageObject\",\"inLanguage\":\"fr-BE\",\"@id\":\"https:\\\/\\\/atelierbonjour.be\\\/couple-art-experience-etterbeek\\\/#primaryimage\",\"url\":\"https:\\\/\\\/atelierbonjour.be\\\/wp-content\\\/uploads\\\/2025\\\/10\\\/The-Art-of-Love-1024x576.jpg\",\"contentUrl\":\"https:\\\/\\\/atelierbonjour.be\\\/wp-content\\\/uploads\\\/2025\\\/10\\\/The-Art-of-Love-1024x576.jpg\"},{\"@type\":\"BreadcrumbList\",\"@id\":\"https:\\\/\\\/atelierbonjour.be\\\/couple-art-experience-etterbeek\\\/#breadcrumb\",\"itemListElement\":[{\"@type\":\"ListItem\",\"position\":1,\"name\":\"Home\",\"item\":\"https:\\\/\\\/atelierbonjour.be\\\/\"},{\"@type\":\"ListItem\",\"position\":2,\"name\":\"Couple Art Experience Etterbeek\"}]},{\"@type\":\"WebSite\",\"@id\":\"https:\\\/\\\/atelierbonjour.be\\\/#website\",\"url\":\"https:\\\/\\\/atelierbonjour.be\\\/\",\"name\":\"Atelier Bonjour\",\"description\":\"Painting and drawing lessons for toddlers, children and adults in Etterbeek. Organizing private parties, team-building and Art&amp;Wine events\",\"publisher\":{\"@id\":\"https:\\\/\\\/atelierbonjour.be\\\/#organization\"},\"potentialAction\":[{\"@type\":\"SearchAction\",\"target\":{\"@type\":\"EntryPoint\",\"urlTemplate\":\"https:\\\/\\\/atelierbonjour.be\\\/?s={search_term_string}\"},\"query-input\":{\"@type\":\"PropertyValueSpecification\",\"valueRequired\":true,\"valueName\":\"search_term_string\"}}],\"inLanguage\":\"fr-BE\"},{\"@type\":\"Organization\",\"@id\":\"https:\\\/\\\/atelierbonjour.be\\\/#organization\",\"name\":\"Atelier Bonjour\",\"url\":\"https:\\\/\\\/atelierbonjour.be\\\/\",\"logo\":{\"@type\":\"ImageObject\",\"inLanguage\":\"fr-BE\",\"@id\":\"https:\\\/\\\/atelierbonjour.be\\\/#\\\/schema\\\/logo\\\/image\\\/\",\"url\":\"https:\\\/\\\/atelierbonjour.be\\\/wp-content\\\/uploads\\\/2024\\\/09\\\/cropped-IMG_1373.jpg\",\"contentUrl\":\"https:\\\/\\\/atelierbonjour.be\\\/wp-content\\\/uploads\\\/2024\\\/09\\\/cropped-IMG_1373.jpg\",\"width\":512,\"height\":512,\"caption\":\"Atelier Bonjour\"},\"image\":{\"@id\":\"https:\\\/\\\/atelierbonjour.be\\\/#\\\/schema\\\/logo\\\/image\\\/\"},\"sameAs\":[\"https:\\\/\\\/www.facebook.com\\\/bonjourrr\"]}]}<\/script>\n<!-- \/ Yoast SEO plugin. -->","yoast_head_json":{"title":"Couple Art Experience Etterbeek - Atelier Bonjour Children Painting Classes","description":"Painting and drawing lessons for toddlers, children and adults in Etterbeek. Organizing private parties, team-building and Art&Wine events","robots":{"index":"index","follow":"follow","max-snippet":"max-snippet:-1","max-image-preview":"max-image-preview:large","max-video-preview":"max-video-preview:-1"},"canonical":"https:\/\/atelierbonjour.be\/fr\/couple-art-experience-etterbeek\/","og_locale":"fr_FR","og_type":"article","og_title":"Couple Art Experience Etterbeek - Atelier Bonjour Children Painting Classes","og_description":"Painting and drawing lessons for toddlers, children and adults in Etterbeek. Organizing private parties, team-building and Art&Wine events","og_url":"https:\/\/atelierbonjour.be\/fr\/couple-art-experience-etterbeek\/","og_site_name":"Atelier Bonjour","article_publisher":"https:\/\/www.facebook.com\/bonjourrr","article_modified_time":"2026-03-23T08:35:07+00:00","og_image":[{"url":"https:\/\/atelierbonjour.be\/wp-content\/uploads\/2025\/10\/The-Art-of-Love-1024x576.jpg","type":"","width":"","height":""}],"twitter_card":"summary_large_image","twitter_misc":{"Dur\u00e9e de lecture est.":"1 minute"},"schema":{"@context":"https:\/\/schema.org","@graph":[{"@type":"WebPage","@id":"https:\/\/atelierbonjour.be\/couple-art-experience-etterbeek\/","url":"https:\/\/atelierbonjour.be\/couple-art-experience-etterbeek\/","name":"Couple Art Experience Etterbeek - Atelier Bonjour Children Painting Classes","isPartOf":{"@id":"https:\/\/atelierbonjour.be\/#website"},"primaryImageOfPage":{"@id":"https:\/\/atelierbonjour.be\/couple-art-experience-etterbeek\/#primaryimage"},"image":{"@id":"https:\/\/atelierbonjour.be\/couple-art-experience-etterbeek\/#primaryimage"},"thumbnailUrl":"https:\/\/atelierbonjour.be\/wp-content\/uploads\/2025\/10\/The-Art-of-Love-1024x576.jpg","datePublished":"2026-01-26T14:18:54+00:00","dateModified":"2026-03-23T08:35:07+00:00","description":"Painting and drawing lessons for toddlers, children and adults in Etterbeek. Organizing private parties, team-building and Art&Wine events","breadcrumb":{"@id":"https:\/\/atelierbonjour.be\/couple-art-experience-etterbeek\/#breadcrumb"},"inLanguage":"fr-BE","potentialAction":[{"@type":"ReadAction","target":["https:\/\/atelierbonjour.be\/couple-art-experience-etterbeek\/"]}]},{"@type":"ImageObject","inLanguage":"fr-BE","@id":"https:\/\/atelierbonjour.be\/couple-art-experience-etterbeek\/#primaryimage","url":"https:\/\/atelierbonjour.be\/wp-content\/uploads\/2025\/10\/The-Art-of-Love-1024x576.jpg","contentUrl":"https:\/\/atelierbonjour.be\/wp-content\/uploads\/2025\/10\/The-Art-of-Love-1024x576.jpg"},{"@type":"BreadcrumbList","@id":"https:\/\/atelierbonjour.be\/couple-art-experience-etterbeek\/#breadcrumb","itemListElement":[{"@type":"ListItem","position":1,"name":"Home","item":"https:\/\/atelierbonjour.be\/"},{"@type":"ListItem","position":2,"name":"Couple Art Experience Etterbeek"}]},{"@type":"WebSite","@id":"https:\/\/atelierbonjour.be\/#website","url":"https:\/\/atelierbonjour.be\/","name":"Atelier Bonjour","description":"Painting and drawing lessons for toddlers, children and adults in Etterbeek. Organizing private parties, team-building and Art&amp;Wine events","publisher":{"@id":"https:\/\/atelierbonjour.be\/#organization"},"potentialAction":[{"@type":"SearchAction","target":{"@type":"EntryPoint","urlTemplate":"https:\/\/atelierbonjour.be\/?s={search_term_string}"},"query-input":{"@type":"PropertyValueSpecification","valueRequired":true,"valueName":"search_term_string"}}],"inLanguage":"fr-BE"},{"@type":"Organization","@id":"https:\/\/atelierbonjour.be\/#organization","name":"Atelier Bonjour","url":"https:\/\/atelierbonjour.be\/","logo":{"@type":"ImageObject","inLanguage":"fr-BE","@id":"https:\/\/atelierbonjour.be\/#\/schema\/logo\/image\/","url":"https:\/\/atelierbonjour.be\/wp-content\/uploads\/2024\/09\/cropped-IMG_1373.jpg","contentUrl":"https:\/\/atelierbonjour.be\/wp-content\/uploads\/2024\/09\/cropped-IMG_1373.jpg","width":512,"height":512,"caption":"Atelier Bonjour"},"image":{"@id":"https:\/\/atelierbonjour.be\/#\/schema\/logo\/image\/"},"sameAs":["https:\/\/www.facebook.com\/bonjourrr"]}]}},"_links":{"self":[{"href":"https:\/\/atelierbonjour.be\/fr\/wp-json\/wp\/v2\/pages\/4074","targetHints":{"allow":["GET"]}}],"collection":[{"href":"https:\/\/atelierbonjour.be\/fr\/wp-json\/wp\/v2\/pages"}],"about":[{"href":"https:\/\/atelierbonjour.be\/fr\/wp-json\/wp\/v2\/types\/page"}],"author":[{"embeddable":true,"href":"https:\/\/atelierbonjour.be\/fr\/wp-json\/wp\/v2\/users\/2"}],"replies":[{"embeddable":true,"href":"https:\/\/atelierbonjour.be\/fr\/wp-json\/wp\/v2\/comments?post=4074"}],"version-history":[{"count":2,"href":"https:\/\/atelierbonjour.be\/fr\/wp-json\/wp\/v2\/pages\/4074\/revisions"}],"predecessor-version":[{"id":4308,"href":"https:\/\/atelierbonjour.be\/fr\/wp-json\/wp\/v2\/pages\/4074\/revisions\/4308"}],"wp:attachment":[{"href":"https:\/\/atelierbonjour.be\/fr\/wp-json\/wp\/v2\/media?parent=4074"}],"curies":[{"name":"wp","href":"https:\/\/api.w.org\/{rel}","templated":true}]}}