{"id":4072,"date":"2026-01-26T14:16:07","date_gmt":"2026-01-26T14:16:07","guid":{"rendered":"https:\/\/atelierbonjour.be\/?page_id=4072"},"modified":"2026-03-20T12:44:15","modified_gmt":"2026-03-20T12:44:15","slug":"team-building-etterbeek","status":"publish","type":"page","link":"https:\/\/atelierbonjour.be\/fr\/team-building-etterbeek\/","title":{"rendered":"Team Building Etterbeek"},"content":{"rendered":"<figure class=\"wp-block-video\"><video height=\"1280\" style=\"aspect-ratio: 720 \/ 1280;\" width=\"720\" controls src=\"https:\/\/atelierbonjour.be\/wp-content\/uploads\/2024\/10\/Teambuilding_Video_1.mov\"><\/video><\/figure>\n\n\n\n<h4 class=\"wp-block-heading has-text-align-center\"><\/h4>\n\n\n\n<p class=\"has-text-align-center\" style=\"font-size:13px\">Atelier Bonjour, le meilleur endroit pour votre \u00e9v\u00e9nement!<\/p>\n\n\n\n<p class=\"has-text-align-center\" style=\"font-size:13px\">Nous avons une riche exp\u00e9rience dans l'organisation d'\u00e9v\u00e9nements d'entreprise et de consolidation d'\u00e9quipe.<\/p>\n\n\n\n<p class=\"has-text-align-center\" style=\"font-size:13px\">Nous pouvons personnaliser l'exp\u00e9rience de consolidation d'\u00e9quipe parfaite pour toute taille d'\u00e9quipe \u2013 de 6 \u00e0 100 personnes. Aucune exp\u00e9rience artistique pr\u00e9alable n'est requise et les personnes sans affinit\u00e9 pour l'art sont souvent agr\u00e9ablement surprises par leurs talents cach\u00e9s.<\/p>\n\n\n\n<p class=\"has-text-align-center\" style=\"font-size:13px\">Certains de nos clients satisfaits incluent KBC, BASF, le Parlement europ\u00e9en, Axis, Vlaamse Overheid, etc.<\/p>\n\n\n\n<p class=\"has-text-align-center\" style=\"font-size:13px\">Nous promettons une exp\u00e9rience amusante et inoubliable pour votre \u00e9quipe !<\/p>\n\n\n\n<h4 class=\"wp-block-heading has-text-align-center\">Options<\/h4>\n\n\n\n<p class=\"has-text-align-center\" style=\"font-size:13px\"><strong>40\u20ac par personne<\/strong>: Vin &amp; Peinture \u2013 Profitez d\u2019une s\u00e9ance de peinture relaxante accompagn\u00e9e d\u2019un verre de vin.<\/p>\n\n\n\n<p class=\"has-text-align-center\" style=\"font-size:13px\"><strong>45\u20ac par personne<\/strong>: Prosecco &amp; Peinture \u2013 Ajoutez une touche p\u00e9tillante \u00e0 votre cr\u00e9ativit\u00e9 avec un verre de Prosecco.<\/p>\n\n\n\n<p class=\"has-text-align-center\" style=\"font-size:13px\"><strong>50\u20ac par personne<\/strong>\u202f: Boisson au choix &amp; Peinture \u2013 Que ce soit du vin, du Prosecco ou de la bi\u00e8re, savourez votre boisson pr\u00e9f\u00e9r\u00e9e pendant que vous peignez.<\/p>\n\n\n\n<p class=\"has-text-align-center\" style=\"font-size:13px\"><strong>50\u20ac par personne<\/strong>\u202f: Vin, Peinture &amp; Repas \u2013 Peignez, d\u00e9gustez un verre de vin et choisissez parmi nos trois options de menu gourmandes\u202f:<\/p>\n\n\n\n<p class=\"has-text-align-center\" style=\"font-size:13px\">Pizza pour tout le monde + dessert<\/p>\n\n\n\n<p class=\"has-text-align-center\" style=\"font-size:13px\">Nuggets de poulet avec frites + dessert<\/p>\n\n\n\n<p class=\"has-text-align-center\" style=\"font-size:13px\">Boulettes de viande avec frites + dessert<\/p>\n\n\n\n<p class=\"has-text-align-center\" style=\"font-size:13px\"><strong><em>La taille minimale du groupe pour les \u00e9v\u00e9nements est de 6 personnes.<\/em><\/strong><\/p>\n\n\n\n<p class=\"has-text-align-center\" style=\"font-size:13px\"><strong>R\u00e9ductions de groupe<\/strong><\/p>\n\n\n\n<p class=\"has-text-align-center\" style=\"font-size:13px\">5\u202f% de r\u00e9duction pour les groupes de plus de 10 personnes. <\/p>\n\n\n\n<p class=\"has-text-align-center\" style=\"font-size:13px\">5\u202f% de r\u00e9duction pour les groupes de plus de 10 personnes.<\/p>\n\n\n\n<p class=\"has-text-align-center\" style=\"font-size:13px\">Pour les groupes de plus de 30 personnes, veuillez nous contacter pour une r\u00e9duction suppl\u00e9mentaire.<\/p>\n\n\n\n<p class=\"has-text-align-center\" style=\"font-size:13px\">La dur\u00e9e de tous les \u00e9v\u00e9nements est d'un maximum de 120 minutes.<\/p>\n\n\n\n<p class=\"has-text-align-center\" style=\"font-size:13px\">Nous pouvons \u00e9galement accueillir votre groupe dans un autre lieu ou venir \u00e0 votre bureau ou tout autre endroit que vous avez en t\u00eate.<\/p>\n\n\n\n<h4 class=\"wp-block-heading has-text-align-center\">R\u00e9servation<\/h4>\n\n\n\n<p class=\"has-text-align-center\" style=\"font-size:13px\">Si vous choisissez Atelier Bonjour pour organiser votre \u00e9v\u00e9nement, nous vous enverrons trois projets diff\u00e9rents, dont vous pourrez choisir celui que vous pr\u00e9f\u00e9rez pour votre \u00e9v\u00e9nement. Nous ouvrirons ensuite un \u00e9v\u00e9nement priv\u00e9 sur notre site Web avec votre choix de peinture et vous pourrez proc\u00e9der \u00e0 la r\u00e9servation. <\/p>\n\n\n\n<p class=\"has-text-align-center\" style=\"font-size:13px\">Veuillez nous contacter \u00e0 l'adresse e-mail <a href=\"mailto:atelierbonjourrrr@gmail.com\" target=\"_blank\" rel=\"noreferrer noopener\">atelierbonjourrrr@gmail.com<\/a> pour plus d'informations.<\/p>","protected":false},"excerpt":{"rendered":"<p>Atelier Bonjour is the best place for your event! We have rich experience in organizing corporate and team building events. We can customize the perfect team building experience for any team size \u2013 from 6 to 100 people. No previous art experience is required and people with no affinity for art are often positively surprised [&hellip;]<\/p>\n","protected":false},"author":2,"featured_media":0,"parent":0,"menu_order":0,"comment_status":"closed","ping_status":"closed","template":"pages-etterbeek","meta":{"_seopress_robots_primary_cat":"","_seopress_titles_title":"","_seopress_titles_desc":"","_seopress_robots_index":"","_seopress_analysis_target_kw":"","footnotes":""},"class_list":["post-4072","page","type-page","status-publish","hentry"],"yoast_head":"<!-- This site is optimized with the Yoast SEO plugin v27.5 - https:\/\/yoast.com\/product\/yoast-seo-wordpress\/ -->\n<title>Team Building Etterbeek - Atelier Bonjour Children Painting Classes<\/title>\n<meta name=\"description\" content=\"Painting and drawing lessons for toddlers, children and adults in Etterbeek. Organizing private parties, team-building and Art&amp;Wine events\" \/>\n<meta name=\"robots\" content=\"index, follow, max-snippet:-1, max-image-preview:large, max-video-preview:-1\" \/>\n<link rel=\"canonical\" href=\"https:\/\/atelierbonjour.be\/fr\/team-building-etterbeek\/\" \/>\n<meta property=\"og:locale\" content=\"fr_FR\" \/>\n<meta property=\"og:type\" content=\"article\" \/>\n<meta property=\"og:title\" content=\"Team Building Etterbeek - Atelier Bonjour Children Painting Classes\" \/>\n<meta property=\"og:description\" content=\"Painting and drawing lessons for toddlers, children and adults in Etterbeek. Organizing private parties, team-building and Art&amp;Wine events\" \/>\n<meta property=\"og:url\" content=\"https:\/\/atelierbonjour.be\/fr\/team-building-etterbeek\/\" \/>\n<meta property=\"og:site_name\" content=\"Atelier Bonjour\" \/>\n<meta property=\"article:publisher\" content=\"https:\/\/www.facebook.com\/bonjourrr\" \/>\n<meta property=\"article:modified_time\" content=\"2026-03-20T12:44:15+00:00\" \/>\n<meta property=\"og:image\" content=\"https:\/\/atelierbonjour.be\/wp-content\/uploads\/2024\/09\/cropped-IMG_1373.jpg\" \/>\n\t<meta property=\"og:image:width\" content=\"512\" \/>\n\t<meta property=\"og:image:height\" content=\"512\" \/>\n\t<meta property=\"og:image:type\" content=\"image\/jpeg\" \/>\n<meta name=\"twitter:card\" content=\"summary_large_image\" \/>\n<meta name=\"twitter:label1\" content=\"Dur\u00e9e de lecture est.\" \/>\n\t<meta name=\"twitter:data1\" content=\"2 minutes\" \/>\n<script type=\"application\/ld+json\" class=\"yoast-schema-graph\">{\"@context\":\"https:\\\/\\\/schema.org\",\"@graph\":[{\"@type\":\"WebPage\",\"@id\":\"https:\\\/\\\/atelierbonjour.be\\\/team-building-etterbeek\\\/\",\"url\":\"https:\\\/\\\/atelierbonjour.be\\\/team-building-etterbeek\\\/\",\"name\":\"Team Building Etterbeek - Atelier Bonjour Children Painting Classes\",\"isPartOf\":{\"@id\":\"https:\\\/\\\/atelierbonjour.be\\\/#website\"},\"datePublished\":\"2026-01-26T14:16:07+00:00\",\"dateModified\":\"2026-03-20T12:44:15+00:00\",\"description\":\"Painting and drawing lessons for toddlers, children and adults in Etterbeek. Organizing private parties, team-building and Art&Wine events\",\"breadcrumb\":{\"@id\":\"https:\\\/\\\/atelierbonjour.be\\\/team-building-etterbeek\\\/#breadcrumb\"},\"inLanguage\":\"fr-BE\",\"potentialAction\":[{\"@type\":\"ReadAction\",\"target\":[\"https:\\\/\\\/atelierbonjour.be\\\/team-building-etterbeek\\\/\"]}]},{\"@type\":\"BreadcrumbList\",\"@id\":\"https:\\\/\\\/atelierbonjour.be\\\/team-building-etterbeek\\\/#breadcrumb\",\"itemListElement\":[{\"@type\":\"ListItem\",\"position\":1,\"name\":\"Home\",\"item\":\"https:\\\/\\\/atelierbonjour.be\\\/\"},{\"@type\":\"ListItem\",\"position\":2,\"name\":\"Team Building Etterbeek\"}]},{\"@type\":\"WebSite\",\"@id\":\"https:\\\/\\\/atelierbonjour.be\\\/#website\",\"url\":\"https:\\\/\\\/atelierbonjour.be\\\/\",\"name\":\"Atelier Bonjour\",\"description\":\"Painting and drawing lessons for toddlers, children and adults in Etterbeek. Organizing private parties, team-building and Art&amp;Wine events\",\"publisher\":{\"@id\":\"https:\\\/\\\/atelierbonjour.be\\\/#organization\"},\"potentialAction\":[{\"@type\":\"SearchAction\",\"target\":{\"@type\":\"EntryPoint\",\"urlTemplate\":\"https:\\\/\\\/atelierbonjour.be\\\/?s={search_term_string}\"},\"query-input\":{\"@type\":\"PropertyValueSpecification\",\"valueRequired\":true,\"valueName\":\"search_term_string\"}}],\"inLanguage\":\"fr-BE\"},{\"@type\":\"Organization\",\"@id\":\"https:\\\/\\\/atelierbonjour.be\\\/#organization\",\"name\":\"Atelier Bonjour\",\"url\":\"https:\\\/\\\/atelierbonjour.be\\\/\",\"logo\":{\"@type\":\"ImageObject\",\"inLanguage\":\"fr-BE\",\"@id\":\"https:\\\/\\\/atelierbonjour.be\\\/#\\\/schema\\\/logo\\\/image\\\/\",\"url\":\"https:\\\/\\\/atelierbonjour.be\\\/wp-content\\\/uploads\\\/2024\\\/09\\\/cropped-IMG_1373.jpg\",\"contentUrl\":\"https:\\\/\\\/atelierbonjour.be\\\/wp-content\\\/uploads\\\/2024\\\/09\\\/cropped-IMG_1373.jpg\",\"width\":512,\"height\":512,\"caption\":\"Atelier Bonjour\"},\"image\":{\"@id\":\"https:\\\/\\\/atelierbonjour.be\\\/#\\\/schema\\\/logo\\\/image\\\/\"},\"sameAs\":[\"https:\\\/\\\/www.facebook.com\\\/bonjourrr\"]}]}<\/script>\n<!-- \/ Yoast SEO plugin. -->","yoast_head_json":{"title":"Team Building Etterbeek - Atelier Bonjour Children Painting Classes","description":"Painting and drawing lessons for toddlers, children and adults in Etterbeek. Organizing private parties, team-building and Art&Wine events","robots":{"index":"index","follow":"follow","max-snippet":"max-snippet:-1","max-image-preview":"max-image-preview:large","max-video-preview":"max-video-preview:-1"},"canonical":"https:\/\/atelierbonjour.be\/fr\/team-building-etterbeek\/","og_locale":"fr_FR","og_type":"article","og_title":"Team Building Etterbeek - Atelier Bonjour Children Painting Classes","og_description":"Painting and drawing lessons for toddlers, children and adults in Etterbeek. Organizing private parties, team-building and Art&Wine events","og_url":"https:\/\/atelierbonjour.be\/fr\/team-building-etterbeek\/","og_site_name":"Atelier Bonjour","article_publisher":"https:\/\/www.facebook.com\/bonjourrr","article_modified_time":"2026-03-20T12:44:15+00:00","og_image":[{"width":512,"height":512,"url":"https:\/\/atelierbonjour.be\/wp-content\/uploads\/2024\/09\/cropped-IMG_1373.jpg","type":"image\/jpeg"}],"twitter_card":"summary_large_image","twitter_misc":{"Dur\u00e9e de lecture est.":"2 minutes"},"schema":{"@context":"https:\/\/schema.org","@graph":[{"@type":"WebPage","@id":"https:\/\/atelierbonjour.be\/team-building-etterbeek\/","url":"https:\/\/atelierbonjour.be\/team-building-etterbeek\/","name":"Team Building Etterbeek - Atelier Bonjour Children Painting Classes","isPartOf":{"@id":"https:\/\/atelierbonjour.be\/#website"},"datePublished":"2026-01-26T14:16:07+00:00","dateModified":"2026-03-20T12:44:15+00:00","description":"Painting and drawing lessons for toddlers, children and adults in Etterbeek. Organizing private parties, team-building and Art&Wine events","breadcrumb":{"@id":"https:\/\/atelierbonjour.be\/team-building-etterbeek\/#breadcrumb"},"inLanguage":"fr-BE","potentialAction":[{"@type":"ReadAction","target":["https:\/\/atelierbonjour.be\/team-building-etterbeek\/"]}]},{"@type":"BreadcrumbList","@id":"https:\/\/atelierbonjour.be\/team-building-etterbeek\/#breadcrumb","itemListElement":[{"@type":"ListItem","position":1,"name":"Home","item":"https:\/\/atelierbonjour.be\/"},{"@type":"ListItem","position":2,"name":"Team Building Etterbeek"}]},{"@type":"WebSite","@id":"https:\/\/atelierbonjour.be\/#website","url":"https:\/\/atelierbonjour.be\/","name":"Atelier Bonjour","description":"Painting and drawing lessons for toddlers, children and adults in Etterbeek. Organizing private parties, team-building and Art&amp;Wine events","publisher":{"@id":"https:\/\/atelierbonjour.be\/#organization"},"potentialAction":[{"@type":"SearchAction","target":{"@type":"EntryPoint","urlTemplate":"https:\/\/atelierbonjour.be\/?s={search_term_string}"},"query-input":{"@type":"PropertyValueSpecification","valueRequired":true,"valueName":"search_term_string"}}],"inLanguage":"fr-BE"},{"@type":"Organization","@id":"https:\/\/atelierbonjour.be\/#organization","name":"Atelier Bonjour","url":"https:\/\/atelierbonjour.be\/","logo":{"@type":"ImageObject","inLanguage":"fr-BE","@id":"https:\/\/atelierbonjour.be\/#\/schema\/logo\/image\/","url":"https:\/\/atelierbonjour.be\/wp-content\/uploads\/2024\/09\/cropped-IMG_1373.jpg","contentUrl":"https:\/\/atelierbonjour.be\/wp-content\/uploads\/2024\/09\/cropped-IMG_1373.jpg","width":512,"height":512,"caption":"Atelier Bonjour"},"image":{"@id":"https:\/\/atelierbonjour.be\/#\/schema\/logo\/image\/"},"sameAs":["https:\/\/www.facebook.com\/bonjourrr"]}]}},"_links":{"self":[{"href":"https:\/\/atelierbonjour.be\/fr\/wp-json\/wp\/v2\/pages\/4072","targetHints":{"allow":["GET"]}}],"collection":[{"href":"https:\/\/atelierbonjour.be\/fr\/wp-json\/wp\/v2\/pages"}],"about":[{"href":"https:\/\/atelierbonjour.be\/fr\/wp-json\/wp\/v2\/types\/page"}],"author":[{"embeddable":true,"href":"https:\/\/atelierbonjour.be\/fr\/wp-json\/wp\/v2\/users\/2"}],"replies":[{"embeddable":true,"href":"https:\/\/atelierbonjour.be\/fr\/wp-json\/wp\/v2\/comments?post=4072"}],"version-history":[{"count":2,"href":"https:\/\/atelierbonjour.be\/fr\/wp-json\/wp\/v2\/pages\/4072\/revisions"}],"predecessor-version":[{"id":4295,"href":"https:\/\/atelierbonjour.be\/fr\/wp-json\/wp\/v2\/pages\/4072\/revisions\/4295"}],"wp:attachment":[{"href":"https:\/\/atelierbonjour.be\/fr\/wp-json\/wp\/v2\/media?parent=4072"}],"curies":[{"name":"wp","href":"https:\/\/api.w.org\/{rel}","templated":true}]}}