{"id":4065,"date":"2026-01-26T14:00:58","date_gmt":"2026-01-26T14:00:58","guid":{"rendered":"https:\/\/atelierbonjour.be\/?page_id=4065"},"modified":"2026-04-07T14:49:53","modified_gmt":"2026-04-07T14:49:53","slug":"children-birthday-party-etterbeek","status":"publish","type":"page","link":"https:\/\/atelierbonjour.be\/fr\/children-birthday-party-etterbeek\/","title":{"rendered":"Children Birthday Party Etterbeek"},"content":{"rendered":"<figure class=\"wp-block-image size-full\"><img loading=\"lazy\" decoding=\"async\" width=\"1920\" height=\"2560\" src=\"https:\/\/atelierbonjour.be\/wp-content\/uploads\/2025\/03\/IMG_8133-1-scaled.jpg\" alt=\"\" class=\"wp-image-2205\" srcset=\"https:\/\/atelierbonjour.be\/wp-content\/uploads\/2025\/03\/IMG_8133-1-scaled.jpg 1920w, https:\/\/atelierbonjour.be\/wp-content\/uploads\/2025\/03\/IMG_8133-1-225x300.jpg 225w, https:\/\/atelierbonjour.be\/wp-content\/uploads\/2025\/03\/IMG_8133-1-768x1024.jpg 768w, https:\/\/atelierbonjour.be\/wp-content\/uploads\/2025\/03\/IMG_8133-1-1152x1536.jpg 1152w, https:\/\/atelierbonjour.be\/wp-content\/uploads\/2025\/03\/IMG_8133-1-1536x2048.jpg 1536w, https:\/\/atelierbonjour.be\/wp-content\/uploads\/2025\/03\/IMG_8133-1-9x12.jpg 9w, https:\/\/atelierbonjour.be\/wp-content\/uploads\/2025\/03\/IMG_8133-1-600x800.jpg 600w\" sizes=\"auto, (max-width: 1920px) 100vw, 1920px\" \/><\/figure>\n\n\n\n<h4 class=\"wp-block-heading has-text-align-center\">F\u00eates d'anniversaire pour enfants<\/h4>\n\n\n\n<h4 class=\"wp-block-heading has-text-align-center\">Dur\u00e9e : 2 heures<\/h4>\n\n\n\n<h4 class=\"wp-block-heading has-text-align-center\" style=\"font-size:13px\">Activit\u00e9s cr\u00e9atives<\/h4>\n\n\n\n<p class=\"has-text-align-center\" style=\"font-size:10px\">\u2022 Peinture sur une toile en lin avec des peintures acryliques <\/p>\n\n\n\n<p class=\"has-text-align-center\" style=\"font-size:10px\">\u2022 Coloration d'une figurine en c\u00e9ramique <\/p>\n\n\n\n<h4 class=\"wp-block-heading has-text-align-center\" style=\"font-size:13px\">Inclus dans le prix<\/h4>\n\n\n\n<p class=\"has-text-align-center\" style=\"font-size:10px\">\u2022 D\u00e9corations d'anniversaire, ustensiles et assiettes en papier <\/p>\n\n\n\n<p class=\"has-text-align-center\" style=\"font-size:10px\">\u2022 Handmade digital invitagions with our studio&#8217;s logo, ready to print<\/p>\n\n\n\n<p class=\"has-text-align-center\" style=\"font-size:10px\"><strong>We offer three menu options for the children:<\/strong><\/p>\n\n\n\n<p class=\"has-text-align-center\" style=\"font-size:10px\">\u2022 Menu 1: vegetables, fruits, chicken nuggets, French fries, cupcates, cookies, birthday cake<\/p>\n\n\n\n<p class=\"has-text-align-center\" style=\"font-size:10px\">\u2022 Menu 2: vegetables, fruits, mini pizzas, French fries, cupcakes, cookies, birthday cake<\/p>\n\n\n\n<p class=\"has-text-align-center\" style=\"font-size:10px\">\u2022 Menu 3: vegetables, fruits, mini meatballs, French fries, cupcakes, cookies, birthday cake<\/p>\n\n\n\n<h4 class=\"wp-block-heading has-text-align-center\" style=\"font-size:13px\">Prix<\/h4>\n\n\n\n<p class=\"has-text-align-center\" style=\"font-size:10px\">45\u20ac par enfant (minimum de 6 enfants). Nous travaillerons \u00e9galement ensemble pour choisir un th\u00e8me pour la f\u00eate \u00e0 partir d'une s\u00e9lection d'options que nous fournirons. Cela rendra la c\u00e9l\u00e9bration encore plus sp\u00e9ciale.<\/p>\n\n\n\n<h4 class=\"wp-block-heading has-text-align-center\" style=\"font-size:13px\">R\u00e9servation<\/h4>\n\n\n\n<p class=\"has-text-align-center\" style=\"font-size:10px\">Si vous choisissez Atelier Bonjour pour organiser votre \u00e9v\u00e9nement, nous vous enverrons toutes les informations n\u00e9cessaires pour votre \u00e9v\u00e9nement. Nous ouvrirons ensuite un \u00e9v\u00e9nement priv\u00e9 sur notre site web avec votre choix de peinture, et vous pourrez proc\u00e9der \u00e0 la r\u00e9servation.<\/p>\n\n\n\n<p class=\"has-text-align-center\" style=\"font-size:10px\">Veuillez nous contacter \u00e0 l'adresse e-mail atelierbonjourrrr@gmail.com pour plus d'informations.<\/p>","protected":false},"excerpt":{"rendered":"<p>Children Birthday Parties Duration: 2 hours Creative Activities \u2022 Painting on a linen canvas with acrylic paints \u2022 Coloring a ceramic figurine What\u2019s included \u2022 Birthday decorations, utensils, and paper plates \u2022 Handmade digital invitagions with our studio&#8217;s logo, ready to print We offer three menu options for the children: \u2022 Menu 1: vegetables, fruits, [&hellip;]<\/p>\n","protected":false},"author":2,"featured_media":0,"parent":0,"menu_order":0,"comment_status":"closed","ping_status":"closed","template":"pages-etterbeek","meta":{"_seopress_robots_primary_cat":"","_seopress_titles_title":"","_seopress_titles_desc":"","_seopress_robots_index":"","_seopress_analysis_target_kw":"","footnotes":""},"class_list":["post-4065","page","type-page","status-publish","hentry"],"yoast_head":"<!-- This site is optimized with the Yoast SEO plugin v27.5 - https:\/\/yoast.com\/product\/yoast-seo-wordpress\/ -->\n<title>Children Birthday Party Etterbeek - Atelier Bonjour Children Painting Classes<\/title>\n<meta name=\"description\" content=\"Painting and drawing lessons for toddlers, children and adults in Etterbeek. Organizing private parties, team-building and Art&amp;Wine events\" \/>\n<meta name=\"robots\" content=\"index, follow, max-snippet:-1, max-image-preview:large, max-video-preview:-1\" \/>\n<link rel=\"canonical\" href=\"https:\/\/atelierbonjour.be\/fr\/children-birthday-party-etterbeek\/\" \/>\n<meta property=\"og:locale\" content=\"fr_FR\" \/>\n<meta property=\"og:type\" content=\"article\" \/>\n<meta property=\"og:title\" content=\"Children Birthday Party Etterbeek - Atelier Bonjour Children Painting Classes\" \/>\n<meta property=\"og:description\" content=\"Painting and drawing lessons for toddlers, children and adults in Etterbeek. Organizing private parties, team-building and Art&amp;Wine events\" \/>\n<meta property=\"og:url\" content=\"https:\/\/atelierbonjour.be\/fr\/children-birthday-party-etterbeek\/\" \/>\n<meta property=\"og:site_name\" content=\"Atelier Bonjour\" \/>\n<meta property=\"article:publisher\" content=\"https:\/\/www.facebook.com\/bonjourrr\" \/>\n<meta property=\"article:modified_time\" content=\"2026-04-07T14:49:53+00:00\" \/>\n<meta property=\"og:image\" content=\"https:\/\/atelierbonjour.be\/wp-content\/uploads\/2025\/03\/IMG_8133-1-scaled.jpg\" \/>\n<meta name=\"twitter:card\" content=\"summary_large_image\" \/>\n<meta name=\"twitter:label1\" content=\"Dur\u00e9e de lecture est.\" \/>\n\t<meta name=\"twitter:data1\" content=\"1 minute\" \/>\n<script type=\"application\/ld+json\" class=\"yoast-schema-graph\">{\"@context\":\"https:\\\/\\\/schema.org\",\"@graph\":[{\"@type\":\"WebPage\",\"@id\":\"https:\\\/\\\/atelierbonjour.be\\\/children-birthday-party-etterbeek\\\/\",\"url\":\"https:\\\/\\\/atelierbonjour.be\\\/children-birthday-party-etterbeek\\\/\",\"name\":\"Children Birthday Party Etterbeek - Atelier Bonjour Children Painting Classes\",\"isPartOf\":{\"@id\":\"https:\\\/\\\/atelierbonjour.be\\\/#website\"},\"primaryImageOfPage\":{\"@id\":\"https:\\\/\\\/atelierbonjour.be\\\/children-birthday-party-etterbeek\\\/#primaryimage\"},\"image\":{\"@id\":\"https:\\\/\\\/atelierbonjour.be\\\/children-birthday-party-etterbeek\\\/#primaryimage\"},\"thumbnailUrl\":\"https:\\\/\\\/atelierbonjour.be\\\/wp-content\\\/uploads\\\/2025\\\/03\\\/IMG_8133-1-scaled.jpg\",\"datePublished\":\"2026-01-26T14:00:58+00:00\",\"dateModified\":\"2026-04-07T14:49:53+00:00\",\"description\":\"Painting and drawing lessons for toddlers, children and adults in Etterbeek. Organizing private parties, team-building and Art&Wine events\",\"breadcrumb\":{\"@id\":\"https:\\\/\\\/atelierbonjour.be\\\/children-birthday-party-etterbeek\\\/#breadcrumb\"},\"inLanguage\":\"fr-BE\",\"potentialAction\":[{\"@type\":\"ReadAction\",\"target\":[\"https:\\\/\\\/atelierbonjour.be\\\/children-birthday-party-etterbeek\\\/\"]}]},{\"@type\":\"ImageObject\",\"inLanguage\":\"fr-BE\",\"@id\":\"https:\\\/\\\/atelierbonjour.be\\\/children-birthday-party-etterbeek\\\/#primaryimage\",\"url\":\"https:\\\/\\\/atelierbonjour.be\\\/wp-content\\\/uploads\\\/2025\\\/03\\\/IMG_8133-1-scaled.jpg\",\"contentUrl\":\"https:\\\/\\\/atelierbonjour.be\\\/wp-content\\\/uploads\\\/2025\\\/03\\\/IMG_8133-1-scaled.jpg\"},{\"@type\":\"BreadcrumbList\",\"@id\":\"https:\\\/\\\/atelierbonjour.be\\\/children-birthday-party-etterbeek\\\/#breadcrumb\",\"itemListElement\":[{\"@type\":\"ListItem\",\"position\":1,\"name\":\"Home\",\"item\":\"https:\\\/\\\/atelierbonjour.be\\\/\"},{\"@type\":\"ListItem\",\"position\":2,\"name\":\"Children Birthday Party Etterbeek\"}]},{\"@type\":\"WebSite\",\"@id\":\"https:\\\/\\\/atelierbonjour.be\\\/#website\",\"url\":\"https:\\\/\\\/atelierbonjour.be\\\/\",\"name\":\"Atelier Bonjour\",\"description\":\"Painting and drawing lessons for toddlers, children and adults in Etterbeek. Organizing private parties, team-building and Art&amp;Wine events\",\"publisher\":{\"@id\":\"https:\\\/\\\/atelierbonjour.be\\\/#organization\"},\"potentialAction\":[{\"@type\":\"SearchAction\",\"target\":{\"@type\":\"EntryPoint\",\"urlTemplate\":\"https:\\\/\\\/atelierbonjour.be\\\/?s={search_term_string}\"},\"query-input\":{\"@type\":\"PropertyValueSpecification\",\"valueRequired\":true,\"valueName\":\"search_term_string\"}}],\"inLanguage\":\"fr-BE\"},{\"@type\":\"Organization\",\"@id\":\"https:\\\/\\\/atelierbonjour.be\\\/#organization\",\"name\":\"Atelier Bonjour\",\"url\":\"https:\\\/\\\/atelierbonjour.be\\\/\",\"logo\":{\"@type\":\"ImageObject\",\"inLanguage\":\"fr-BE\",\"@id\":\"https:\\\/\\\/atelierbonjour.be\\\/#\\\/schema\\\/logo\\\/image\\\/\",\"url\":\"https:\\\/\\\/atelierbonjour.be\\\/wp-content\\\/uploads\\\/2024\\\/09\\\/cropped-IMG_1373.jpg\",\"contentUrl\":\"https:\\\/\\\/atelierbonjour.be\\\/wp-content\\\/uploads\\\/2024\\\/09\\\/cropped-IMG_1373.jpg\",\"width\":512,\"height\":512,\"caption\":\"Atelier Bonjour\"},\"image\":{\"@id\":\"https:\\\/\\\/atelierbonjour.be\\\/#\\\/schema\\\/logo\\\/image\\\/\"},\"sameAs\":[\"https:\\\/\\\/www.facebook.com\\\/bonjourrr\"]}]}<\/script>\n<!-- \/ Yoast SEO plugin. -->","yoast_head_json":{"title":"Children Birthday Party Etterbeek - Atelier Bonjour Children Painting Classes","description":"Painting and drawing lessons for toddlers, children and adults in Etterbeek. Organizing private parties, team-building and Art&Wine events","robots":{"index":"index","follow":"follow","max-snippet":"max-snippet:-1","max-image-preview":"max-image-preview:large","max-video-preview":"max-video-preview:-1"},"canonical":"https:\/\/atelierbonjour.be\/fr\/children-birthday-party-etterbeek\/","og_locale":"fr_FR","og_type":"article","og_title":"Children Birthday Party Etterbeek - Atelier Bonjour Children Painting Classes","og_description":"Painting and drawing lessons for toddlers, children and adults in Etterbeek. Organizing private parties, team-building and Art&Wine events","og_url":"https:\/\/atelierbonjour.be\/fr\/children-birthday-party-etterbeek\/","og_site_name":"Atelier Bonjour","article_publisher":"https:\/\/www.facebook.com\/bonjourrr","article_modified_time":"2026-04-07T14:49:53+00:00","og_image":[{"url":"https:\/\/atelierbonjour.be\/wp-content\/uploads\/2025\/03\/IMG_8133-1-scaled.jpg","type":"","width":"","height":""}],"twitter_card":"summary_large_image","twitter_misc":{"Dur\u00e9e de lecture est.":"1 minute"},"schema":{"@context":"https:\/\/schema.org","@graph":[{"@type":"WebPage","@id":"https:\/\/atelierbonjour.be\/children-birthday-party-etterbeek\/","url":"https:\/\/atelierbonjour.be\/children-birthday-party-etterbeek\/","name":"Children Birthday Party Etterbeek - Atelier Bonjour Children Painting Classes","isPartOf":{"@id":"https:\/\/atelierbonjour.be\/#website"},"primaryImageOfPage":{"@id":"https:\/\/atelierbonjour.be\/children-birthday-party-etterbeek\/#primaryimage"},"image":{"@id":"https:\/\/atelierbonjour.be\/children-birthday-party-etterbeek\/#primaryimage"},"thumbnailUrl":"https:\/\/atelierbonjour.be\/wp-content\/uploads\/2025\/03\/IMG_8133-1-scaled.jpg","datePublished":"2026-01-26T14:00:58+00:00","dateModified":"2026-04-07T14:49:53+00:00","description":"Painting and drawing lessons for toddlers, children and adults in Etterbeek. Organizing private parties, team-building and Art&Wine events","breadcrumb":{"@id":"https:\/\/atelierbonjour.be\/children-birthday-party-etterbeek\/#breadcrumb"},"inLanguage":"fr-BE","potentialAction":[{"@type":"ReadAction","target":["https:\/\/atelierbonjour.be\/children-birthday-party-etterbeek\/"]}]},{"@type":"ImageObject","inLanguage":"fr-BE","@id":"https:\/\/atelierbonjour.be\/children-birthday-party-etterbeek\/#primaryimage","url":"https:\/\/atelierbonjour.be\/wp-content\/uploads\/2025\/03\/IMG_8133-1-scaled.jpg","contentUrl":"https:\/\/atelierbonjour.be\/wp-content\/uploads\/2025\/03\/IMG_8133-1-scaled.jpg"},{"@type":"BreadcrumbList","@id":"https:\/\/atelierbonjour.be\/children-birthday-party-etterbeek\/#breadcrumb","itemListElement":[{"@type":"ListItem","position":1,"name":"Home","item":"https:\/\/atelierbonjour.be\/"},{"@type":"ListItem","position":2,"name":"Children Birthday Party Etterbeek"}]},{"@type":"WebSite","@id":"https:\/\/atelierbonjour.be\/#website","url":"https:\/\/atelierbonjour.be\/","name":"Atelier Bonjour","description":"Painting and drawing lessons for toddlers, children and adults in Etterbeek. Organizing private parties, team-building and Art&amp;Wine events","publisher":{"@id":"https:\/\/atelierbonjour.be\/#organization"},"potentialAction":[{"@type":"SearchAction","target":{"@type":"EntryPoint","urlTemplate":"https:\/\/atelierbonjour.be\/?s={search_term_string}"},"query-input":{"@type":"PropertyValueSpecification","valueRequired":true,"valueName":"search_term_string"}}],"inLanguage":"fr-BE"},{"@type":"Organization","@id":"https:\/\/atelierbonjour.be\/#organization","name":"Atelier Bonjour","url":"https:\/\/atelierbonjour.be\/","logo":{"@type":"ImageObject","inLanguage":"fr-BE","@id":"https:\/\/atelierbonjour.be\/#\/schema\/logo\/image\/","url":"https:\/\/atelierbonjour.be\/wp-content\/uploads\/2024\/09\/cropped-IMG_1373.jpg","contentUrl":"https:\/\/atelierbonjour.be\/wp-content\/uploads\/2024\/09\/cropped-IMG_1373.jpg","width":512,"height":512,"caption":"Atelier Bonjour"},"image":{"@id":"https:\/\/atelierbonjour.be\/#\/schema\/logo\/image\/"},"sameAs":["https:\/\/www.facebook.com\/bonjourrr"]}]}},"_links":{"self":[{"href":"https:\/\/atelierbonjour.be\/fr\/wp-json\/wp\/v2\/pages\/4065","targetHints":{"allow":["GET"]}}],"collection":[{"href":"https:\/\/atelierbonjour.be\/fr\/wp-json\/wp\/v2\/pages"}],"about":[{"href":"https:\/\/atelierbonjour.be\/fr\/wp-json\/wp\/v2\/types\/page"}],"author":[{"embeddable":true,"href":"https:\/\/atelierbonjour.be\/fr\/wp-json\/wp\/v2\/users\/2"}],"replies":[{"embeddable":true,"href":"https:\/\/atelierbonjour.be\/fr\/wp-json\/wp\/v2\/comments?post=4065"}],"version-history":[{"count":2,"href":"https:\/\/atelierbonjour.be\/fr\/wp-json\/wp\/v2\/pages\/4065\/revisions"}],"predecessor-version":[{"id":4359,"href":"https:\/\/atelierbonjour.be\/fr\/wp-json\/wp\/v2\/pages\/4065\/revisions\/4359"}],"wp:attachment":[{"href":"https:\/\/atelierbonjour.be\/fr\/wp-json\/wp\/v2\/media?parent=4065"}],"curies":[{"name":"wp","href":"https:\/\/api.w.org\/{rel}","templated":true}]}}