{"id":4062,"date":"2026-01-26T12:53:09","date_gmt":"2026-01-26T12:53:09","guid":{"rendered":"https:\/\/atelierbonjour.be\/?page_id=4062"},"modified":"2026-04-07T16:36:25","modified_gmt":"2026-04-07T16:36:25","slug":"birthday-party-etterbeek","status":"publish","type":"page","link":"https:\/\/atelierbonjour.be\/fr\/birthday-party-etterbeek\/","title":{"rendered":"Birthday Party Etterbeek"},"content":{"rendered":"<figure class=\"wp-block-image size-full\"><img decoding=\"async\" src=\"https:\/\/atelierbonjour.be\/wp-content\/uploads\/2026\/01\/IMG_0050.jpeg\" alt=\"\" class=\"wp-image-4088\"\/><\/figure>\n\n\n\n<p class=\"has-text-align-center\" style=\"font-size:13px\">Atelier Bonjour vous propose des ateliers de peinture et de dessin pour c\u00e9l\u00e9brer votre anniversaire. Pou adultes, nous cr\u00e9ons des chefs-d'\u0153uvre et des souvenirs partag\u00e9s. D\u00e9coration sp\u00e9ciale, belle ambiance et musique !<\/p>\n\n\n\n<p class=\"has-text-align-center\" style=\"font-size:13px\">Si vous voulez un anniversaire inoubliable, nous sommes l\u00e0 pour vous ! <\/p>\n\n\n\n<h4 class=\"wp-block-heading has-text-align-center\">Options<\/h4>\n\n\n\n<p class=\"has-text-align-center\" style=\"font-size:13px\"><strong>40\u20ac par personne<\/strong>: Wine &amp; Paint &#8211; Relax and paint with a glass of wine<\/p>\n\n\n\n<p class=\"has-text-align-center\" style=\"font-size:13px\"><strong>45\u20ac par personne<\/strong>: Prosecco &amp; Paint &#8211; Add sparkle to your creativity with a glass of Prosecco.<\/p>\n\n\n\n<p class=\"has-text-align-center\" style=\"font-size:13px\"><strong>50\u20ac par personne<\/strong>: Drink of Your Choice &amp; Paint &#8211; Sip your favorite drink &#8211; wine, Prosecco, or Beer &#8211;  while you paint. Drinks bar included.<\/p>\n\n\n\n<p class=\"has-text-align-center\" style=\"font-size:13px\"><strong>50\u20ac par personne<\/strong>: Wine, Paint &amp; Food &#8211; Paint, enjoy a glass of wine, and choose from our tasty menu options: pizza, chicken nuggets, or mini meatballs, each with dessert.<\/p>\n\n\n\n<p class=\"has-text-align-center\" style=\"font-size:13px\"><strong>70\u20ac per person<\/strong>: Gourmet Experience &#8211; Delicious menu selections with a gourmet charcuterie board and a fully stocked drinks bar (alcoholic &amp; non-alcoholic).<\/p>\n\n\n\n<p class=\"has-text-align-center\" style=\"font-size:13px\"><strong><em>La taille minimale du groupe pour les \u00e9v\u00e9nements est de 6 personnes.<\/em><\/strong><\/p>\n\n\n\n<p class=\"has-text-align-center\" style=\"font-size:13px\"><strong>R\u00e9ductions de groupe<\/strong><\/p>\n\n\n\n<p class=\"has-text-align-center\" style=\"font-size:13px\">5\u202f% de r\u00e9duction pour les groupes de plus de 10 personnes. <\/p>\n\n\n\n<p class=\"has-text-align-center\" style=\"font-size:13px\">5\u202f% de r\u00e9duction pour les groupes de plus de 10 personnes.<\/p>\n\n\n\n<p class=\"has-text-align-center\" style=\"font-size:13px\">Pour les groupes de plus de 30 personnes, veuillez nous contacter pour une r\u00e9duction suppl\u00e9mentaire.<\/p>\n\n\n\n<p class=\"has-text-align-center\" style=\"font-size:13px\">La dur\u00e9e de tous les \u00e9v\u00e9nements est d'un maximum de 120 minutes.<\/p>\n\n\n\n<p class=\"has-text-align-center\" style=\"font-size:13px\">Nous pouvons \u00e9galement accueillir votre groupe dans un autre lieu ou venir \u00e0 votre bureau ou tout autre endroit que vous avez en t\u00eate.<\/p>\n\n\n\n<h4 class=\"wp-block-heading has-text-align-center\">R\u00e9servation<\/h4>\n\n\n\n<p class=\"has-text-align-center\" style=\"font-size:13px\">Si vous choisissez Atelier Bonjour pour organiser votre \u00e9v\u00e9nement, nous vous enverrons trois projets diff\u00e9rents, dont vous pourrez choisir celui que vous pr\u00e9f\u00e9rez pour votre \u00e9v\u00e9nement. Nous ouvrirons ensuite un \u00e9v\u00e9nement priv\u00e9 sur notre site Web avec votre choix de peinture et vous pourrez proc\u00e9der \u00e0 la r\u00e9servation.  <\/p>\n\n\n\n<p class=\"has-text-align-center\" style=\"font-size:13px\">Veuillez nous contacter \u00e0 l'adresse e-mail <a href=\"\/fr\/atelierbonjourrrr@gmail.com\/\" target=\"_blank\" rel=\"noreferrer noopener\">atelierbonjourrrr@gmail.com<\/a> pour plus d'informations.<\/p>\n\n\n\n<p style=\"font-size:10px\"><\/p>","protected":false},"excerpt":{"rendered":"<p>Atelier Bonjour offers you painting and drawing workshops to celebrate your birthday. For adults we create masterpieces and lasting memories through artistic expression and shared experiences. Special decoration, beautiful atmosphere and music! If you want an unforgettable birthday we are here for you! Options 40\u20ac per person: Wine &amp; Paint &#8211; Relax and paint with [&hellip;]<\/p>\n","protected":false},"author":2,"featured_media":0,"parent":0,"menu_order":0,"comment_status":"closed","ping_status":"closed","template":"pages-etterbeek","meta":{"_seopress_robots_primary_cat":"","_seopress_titles_title":"","_seopress_titles_desc":"","_seopress_robots_index":"","_seopress_analysis_target_kw":"","footnotes":""},"class_list":["post-4062","page","type-page","status-publish","hentry"],"yoast_head":"<!-- This site is optimized with the Yoast SEO plugin v27.5 - https:\/\/yoast.com\/product\/yoast-seo-wordpress\/ -->\n<title>Birthday Party Etterbeek - Atelier Bonjour Children Painting Classes<\/title>\n<meta name=\"description\" content=\"Painting and drawing lessons for toddlers, children and adults in Etterbeek. Organizing private parties, team-building and Art&amp;Wine events\" \/>\n<meta name=\"robots\" content=\"index, follow, max-snippet:-1, max-image-preview:large, max-video-preview:-1\" \/>\n<link rel=\"canonical\" href=\"https:\/\/atelierbonjour.be\/fr\/birthday-party-etterbeek\/\" \/>\n<meta property=\"og:locale\" content=\"fr_FR\" \/>\n<meta property=\"og:type\" content=\"article\" \/>\n<meta property=\"og:title\" content=\"Birthday Party Etterbeek - Atelier Bonjour Children Painting Classes\" \/>\n<meta property=\"og:description\" content=\"Painting and drawing lessons for toddlers, children and adults in Etterbeek. Organizing private parties, team-building and Art&amp;Wine events\" \/>\n<meta property=\"og:url\" content=\"https:\/\/atelierbonjour.be\/fr\/birthday-party-etterbeek\/\" \/>\n<meta property=\"og:site_name\" content=\"Atelier Bonjour\" \/>\n<meta property=\"article:publisher\" content=\"https:\/\/www.facebook.com\/bonjourrr\" \/>\n<meta property=\"article:modified_time\" content=\"2026-04-07T16:36:25+00:00\" \/>\n<meta property=\"og:image\" content=\"https:\/\/atelierbonjour.be\/wp-content\/uploads\/2026\/01\/IMG_0050.jpeg\" \/>\n<meta name=\"twitter:card\" content=\"summary_large_image\" \/>\n<meta name=\"twitter:label1\" content=\"Dur\u00e9e de lecture est.\" \/>\n\t<meta name=\"twitter:data1\" content=\"2 minutes\" \/>\n<script type=\"application\/ld+json\" class=\"yoast-schema-graph\">{\"@context\":\"https:\\\/\\\/schema.org\",\"@graph\":[{\"@type\":\"WebPage\",\"@id\":\"https:\\\/\\\/atelierbonjour.be\\\/birthday-party-etterbeek\\\/\",\"url\":\"https:\\\/\\\/atelierbonjour.be\\\/birthday-party-etterbeek\\\/\",\"name\":\"Birthday Party Etterbeek - Atelier Bonjour Children Painting Classes\",\"isPartOf\":{\"@id\":\"https:\\\/\\\/atelierbonjour.be\\\/#website\"},\"primaryImageOfPage\":{\"@id\":\"https:\\\/\\\/atelierbonjour.be\\\/birthday-party-etterbeek\\\/#primaryimage\"},\"image\":{\"@id\":\"https:\\\/\\\/atelierbonjour.be\\\/birthday-party-etterbeek\\\/#primaryimage\"},\"thumbnailUrl\":\"https:\\\/\\\/atelierbonjour.be\\\/wp-content\\\/uploads\\\/2026\\\/01\\\/IMG_0050.jpeg\",\"datePublished\":\"2026-01-26T12:53:09+00:00\",\"dateModified\":\"2026-04-07T16:36:25+00:00\",\"description\":\"Painting and drawing lessons for toddlers, children and adults in Etterbeek. Organizing private parties, team-building and Art&Wine events\",\"breadcrumb\":{\"@id\":\"https:\\\/\\\/atelierbonjour.be\\\/birthday-party-etterbeek\\\/#breadcrumb\"},\"inLanguage\":\"fr-BE\",\"potentialAction\":[{\"@type\":\"ReadAction\",\"target\":[\"https:\\\/\\\/atelierbonjour.be\\\/birthday-party-etterbeek\\\/\"]}]},{\"@type\":\"ImageObject\",\"inLanguage\":\"fr-BE\",\"@id\":\"https:\\\/\\\/atelierbonjour.be\\\/birthday-party-etterbeek\\\/#primaryimage\",\"url\":\"https:\\\/\\\/atelierbonjour.be\\\/wp-content\\\/uploads\\\/2026\\\/01\\\/IMG_0050.jpeg\",\"contentUrl\":\"https:\\\/\\\/atelierbonjour.be\\\/wp-content\\\/uploads\\\/2026\\\/01\\\/IMG_0050.jpeg\"},{\"@type\":\"BreadcrumbList\",\"@id\":\"https:\\\/\\\/atelierbonjour.be\\\/birthday-party-etterbeek\\\/#breadcrumb\",\"itemListElement\":[{\"@type\":\"ListItem\",\"position\":1,\"name\":\"Home\",\"item\":\"https:\\\/\\\/atelierbonjour.be\\\/\"},{\"@type\":\"ListItem\",\"position\":2,\"name\":\"Birthday Party Etterbeek\"}]},{\"@type\":\"WebSite\",\"@id\":\"https:\\\/\\\/atelierbonjour.be\\\/#website\",\"url\":\"https:\\\/\\\/atelierbonjour.be\\\/\",\"name\":\"Atelier Bonjour\",\"description\":\"Painting and drawing lessons for toddlers, children and adults in Etterbeek. Organizing private parties, team-building and Art&amp;Wine events\",\"publisher\":{\"@id\":\"https:\\\/\\\/atelierbonjour.be\\\/#organization\"},\"potentialAction\":[{\"@type\":\"SearchAction\",\"target\":{\"@type\":\"EntryPoint\",\"urlTemplate\":\"https:\\\/\\\/atelierbonjour.be\\\/?s={search_term_string}\"},\"query-input\":{\"@type\":\"PropertyValueSpecification\",\"valueRequired\":true,\"valueName\":\"search_term_string\"}}],\"inLanguage\":\"fr-BE\"},{\"@type\":\"Organization\",\"@id\":\"https:\\\/\\\/atelierbonjour.be\\\/#organization\",\"name\":\"Atelier Bonjour\",\"url\":\"https:\\\/\\\/atelierbonjour.be\\\/\",\"logo\":{\"@type\":\"ImageObject\",\"inLanguage\":\"fr-BE\",\"@id\":\"https:\\\/\\\/atelierbonjour.be\\\/#\\\/schema\\\/logo\\\/image\\\/\",\"url\":\"https:\\\/\\\/atelierbonjour.be\\\/wp-content\\\/uploads\\\/2024\\\/09\\\/cropped-IMG_1373.jpg\",\"contentUrl\":\"https:\\\/\\\/atelierbonjour.be\\\/wp-content\\\/uploads\\\/2024\\\/09\\\/cropped-IMG_1373.jpg\",\"width\":512,\"height\":512,\"caption\":\"Atelier Bonjour\"},\"image\":{\"@id\":\"https:\\\/\\\/atelierbonjour.be\\\/#\\\/schema\\\/logo\\\/image\\\/\"},\"sameAs\":[\"https:\\\/\\\/www.facebook.com\\\/bonjourrr\"]}]}<\/script>\n<!-- \/ Yoast SEO plugin. -->","yoast_head_json":{"title":"Birthday Party Etterbeek - Atelier Bonjour Children Painting Classes","description":"Painting and drawing lessons for toddlers, children and adults in Etterbeek. Organizing private parties, team-building and Art&Wine events","robots":{"index":"index","follow":"follow","max-snippet":"max-snippet:-1","max-image-preview":"max-image-preview:large","max-video-preview":"max-video-preview:-1"},"canonical":"https:\/\/atelierbonjour.be\/fr\/birthday-party-etterbeek\/","og_locale":"fr_FR","og_type":"article","og_title":"Birthday Party Etterbeek - Atelier Bonjour Children Painting Classes","og_description":"Painting and drawing lessons for toddlers, children and adults in Etterbeek. Organizing private parties, team-building and Art&Wine events","og_url":"https:\/\/atelierbonjour.be\/fr\/birthday-party-etterbeek\/","og_site_name":"Atelier Bonjour","article_publisher":"https:\/\/www.facebook.com\/bonjourrr","article_modified_time":"2026-04-07T16:36:25+00:00","og_image":[{"url":"https:\/\/atelierbonjour.be\/wp-content\/uploads\/2026\/01\/IMG_0050.jpeg","type":"","width":"","height":""}],"twitter_card":"summary_large_image","twitter_misc":{"Dur\u00e9e de lecture est.":"2 minutes"},"schema":{"@context":"https:\/\/schema.org","@graph":[{"@type":"WebPage","@id":"https:\/\/atelierbonjour.be\/birthday-party-etterbeek\/","url":"https:\/\/atelierbonjour.be\/birthday-party-etterbeek\/","name":"Birthday Party Etterbeek - Atelier Bonjour Children Painting Classes","isPartOf":{"@id":"https:\/\/atelierbonjour.be\/#website"},"primaryImageOfPage":{"@id":"https:\/\/atelierbonjour.be\/birthday-party-etterbeek\/#primaryimage"},"image":{"@id":"https:\/\/atelierbonjour.be\/birthday-party-etterbeek\/#primaryimage"},"thumbnailUrl":"https:\/\/atelierbonjour.be\/wp-content\/uploads\/2026\/01\/IMG_0050.jpeg","datePublished":"2026-01-26T12:53:09+00:00","dateModified":"2026-04-07T16:36:25+00:00","description":"Painting and drawing lessons for toddlers, children and adults in Etterbeek. Organizing private parties, team-building and Art&Wine events","breadcrumb":{"@id":"https:\/\/atelierbonjour.be\/birthday-party-etterbeek\/#breadcrumb"},"inLanguage":"fr-BE","potentialAction":[{"@type":"ReadAction","target":["https:\/\/atelierbonjour.be\/birthday-party-etterbeek\/"]}]},{"@type":"ImageObject","inLanguage":"fr-BE","@id":"https:\/\/atelierbonjour.be\/birthday-party-etterbeek\/#primaryimage","url":"https:\/\/atelierbonjour.be\/wp-content\/uploads\/2026\/01\/IMG_0050.jpeg","contentUrl":"https:\/\/atelierbonjour.be\/wp-content\/uploads\/2026\/01\/IMG_0050.jpeg"},{"@type":"BreadcrumbList","@id":"https:\/\/atelierbonjour.be\/birthday-party-etterbeek\/#breadcrumb","itemListElement":[{"@type":"ListItem","position":1,"name":"Home","item":"https:\/\/atelierbonjour.be\/"},{"@type":"ListItem","position":2,"name":"Birthday Party Etterbeek"}]},{"@type":"WebSite","@id":"https:\/\/atelierbonjour.be\/#website","url":"https:\/\/atelierbonjour.be\/","name":"Atelier Bonjour","description":"Painting and drawing lessons for toddlers, children and adults in Etterbeek. Organizing private parties, team-building and Art&amp;Wine events","publisher":{"@id":"https:\/\/atelierbonjour.be\/#organization"},"potentialAction":[{"@type":"SearchAction","target":{"@type":"EntryPoint","urlTemplate":"https:\/\/atelierbonjour.be\/?s={search_term_string}"},"query-input":{"@type":"PropertyValueSpecification","valueRequired":true,"valueName":"search_term_string"}}],"inLanguage":"fr-BE"},{"@type":"Organization","@id":"https:\/\/atelierbonjour.be\/#organization","name":"Atelier Bonjour","url":"https:\/\/atelierbonjour.be\/","logo":{"@type":"ImageObject","inLanguage":"fr-BE","@id":"https:\/\/atelierbonjour.be\/#\/schema\/logo\/image\/","url":"https:\/\/atelierbonjour.be\/wp-content\/uploads\/2024\/09\/cropped-IMG_1373.jpg","contentUrl":"https:\/\/atelierbonjour.be\/wp-content\/uploads\/2024\/09\/cropped-IMG_1373.jpg","width":512,"height":512,"caption":"Atelier Bonjour"},"image":{"@id":"https:\/\/atelierbonjour.be\/#\/schema\/logo\/image\/"},"sameAs":["https:\/\/www.facebook.com\/bonjourrr"]}]}},"_links":{"self":[{"href":"https:\/\/atelierbonjour.be\/fr\/wp-json\/wp\/v2\/pages\/4062","targetHints":{"allow":["GET"]}}],"collection":[{"href":"https:\/\/atelierbonjour.be\/fr\/wp-json\/wp\/v2\/pages"}],"about":[{"href":"https:\/\/atelierbonjour.be\/fr\/wp-json\/wp\/v2\/types\/page"}],"author":[{"embeddable":true,"href":"https:\/\/atelierbonjour.be\/fr\/wp-json\/wp\/v2\/users\/2"}],"replies":[{"embeddable":true,"href":"https:\/\/atelierbonjour.be\/fr\/wp-json\/wp\/v2\/comments?post=4062"}],"version-history":[{"count":4,"href":"https:\/\/atelierbonjour.be\/fr\/wp-json\/wp\/v2\/pages\/4062\/revisions"}],"predecessor-version":[{"id":4372,"href":"https:\/\/atelierbonjour.be\/fr\/wp-json\/wp\/v2\/pages\/4062\/revisions\/4372"}],"wp:attachment":[{"href":"https:\/\/atelierbonjour.be\/fr\/wp-json\/wp\/v2\/media?parent=4062"}],"curies":[{"name":"wp","href":"https:\/\/api.w.org\/{rel}","templated":true}]}}