{"id":148,"date":"2021-07-31T08:47:47","date_gmt":"2021-07-31T08:47:47","guid":{"rendered":"https:\/\/atelierbonjour.be\/?page_id=148"},"modified":"2025-03-03T16:13:46","modified_gmt":"2025-03-03T16:13:46","slug":"home","status":"publish","type":"page","link":"https:\/\/atelierbonjour.be\/fr\/","title":{"rendered":"Home"},"content":{"rendered":"<h1 class=\"wp-block-heading\">Bienvenue \u00e0 Atelier Bonjour<\/h1>\n\n\n\n<p style=\"font-size:1.7em\">Atelier Bonjour (Est. 2016) is an art atelier for <a href=\"https:\/\/atelierbonjour.be\/fr\/baby-lessons\/\">b\u00e9b\u00e9s<\/a>, <a href=\"https:\/\/atelierbonjour.be\/fr\/schedule\/\">enfants <\/a>et <a href=\"https:\/\/atelierbonjour.be\/fr\/events-2\/\">adultes .<\/a> Nos \u00e9l\u00e8ves apprennent \u00e0 dessiner et peindre en utilisant leur imagination et en appliquant diverses techniques. L'attention individuelle est une priorit\u00e9 pour nous \u2013 tous les <a href=\"https:\/\/atelierbonjour.be\/fr\/schedule\/\">groupes<\/a> are maximum of 10 children of similar age.<\/p>\n\n\n\n<p style=\"font-size:1.7em\">All of the materials and art supplies are provided by <a href=\"https:\/\/atelierbonjour.be\/fr\/membership\/\">us<\/a>. You only need to bring your good mood and creativity with you!<\/p>\n\n\n\n<h2 class=\"wp-block-heading\">About Us<\/h2>\n\n\n\n<p style=\"font-size:27px\"><strong>Manuela and Radost<\/strong><\/p>\n\n\n\n<p style=\"font-size:1.7em\">We are two young girls who passion for painting. Six years ago we decided that it would be a great idea to make a creative atelier where kids can learn how to draw and the different painting techniques in a fun way. At Atelier Bonjour your kids can develop their imagination using our different methods. On our website you can find all the information about our groups, classes and prices<\/p>\n\n\n\n<p style=\"font-size:1.7em\">Come and discover our world!<\/p>\n\n\n\n<p><\/p>","protected":false},"excerpt":{"rendered":"<p>Welcome to Atelier Bonjour Atelier Bonjour (Est. 2016) is an art atelier for toddlers, children and adults . Our students learn how to draw and paint using their imagination and applying various techniques. The individual attention is priority for us &#8211; all groups are maximum of 10 children of similar age. All of the materials [&hellip;]<\/p>\n","protected":false},"author":2,"featured_media":781,"parent":0,"menu_order":0,"comment_status":"closed","ping_status":"closed","template":"","meta":{"_seopress_robots_primary_cat":"","_seopress_titles_title":"","_seopress_titles_desc":"","_seopress_robots_index":"","footnotes":""},"class_list":["post-148","page","type-page","status-publish","has-post-thumbnail","hentry"],"yoast_head":"<!-- This site is optimized with the Yoast SEO plugin v27.5 - https:\/\/yoast.com\/product\/yoast-seo-wordpress\/ -->\n<title>Home - Atelier Bonjour - Painting Classes for Children in Brussels<\/title>\n<meta name=\"description\" content=\"Painting and drawing lessons for toddlers, children and adults in Etterbeek. Organizing private parties, team-building and Art&amp;Wine events\" \/>\n<meta name=\"robots\" content=\"index, follow, max-snippet:-1, max-image-preview:large, max-video-preview:-1\" \/>\n<link rel=\"canonical\" href=\"https:\/\/atelierbonjour.be\/fr\/\" \/>\n<meta property=\"og:locale\" content=\"fr_FR\" \/>\n<meta property=\"og:type\" content=\"article\" \/>\n<meta property=\"og:title\" content=\"Home - Atelier Bonjour - Painting Classes for Children in Brussels\" \/>\n<meta property=\"og:description\" content=\"Painting and drawing lessons for toddlers, children and adults in Etterbeek. Organizing private parties, team-building and Art&amp;Wine events\" \/>\n<meta property=\"og:url\" content=\"https:\/\/atelierbonjour.be\/fr\/\" \/>\n<meta property=\"og:site_name\" content=\"Atelier Bonjour\" \/>\n<meta property=\"article:publisher\" content=\"https:\/\/www.facebook.com\/bonjourrr\" \/>\n<meta property=\"article:modified_time\" content=\"2025-03-03T16:13:46+00:00\" \/>\n<meta property=\"og:image\" content=\"https:\/\/atelierbonjour.be\/wp-content\/uploads\/2024\/09\/Untitled_Artwork-4.png\" \/>\n\t<meta property=\"og:image:width\" content=\"2480\" \/>\n\t<meta property=\"og:image:height\" content=\"3508\" \/>\n\t<meta property=\"og:image:type\" content=\"image\/png\" \/>\n<meta name=\"twitter:card\" content=\"summary_large_image\" \/>\n<meta name=\"twitter:label1\" content=\"Dur\u00e9e de lecture est.\" \/>\n\t<meta name=\"twitter:data1\" content=\"1 minute\" \/>\n<script type=\"application\/ld+json\" class=\"yoast-schema-graph\">{\"@context\":\"https:\\\/\\\/schema.org\",\"@graph\":[{\"@type\":\"WebPage\",\"@id\":\"https:\\\/\\\/atelierbonjour.be\\\/\",\"url\":\"https:\\\/\\\/atelierbonjour.be\\\/\",\"name\":\"Home - Atelier Bonjour - Painting Classes for Children in Brussels\",\"isPartOf\":{\"@id\":\"https:\\\/\\\/atelierbonjour.be\\\/#website\"},\"primaryImageOfPage\":{\"@id\":\"https:\\\/\\\/atelierbonjour.be\\\/#primaryimage\"},\"image\":{\"@id\":\"https:\\\/\\\/atelierbonjour.be\\\/#primaryimage\"},\"thumbnailUrl\":\"https:\\\/\\\/atelierbonjour.be\\\/wp-content\\\/uploads\\\/2024\\\/09\\\/Untitled_Artwork-4.png\",\"datePublished\":\"2021-07-31T08:47:47+00:00\",\"dateModified\":\"2025-03-03T16:13:46+00:00\",\"description\":\"Painting and drawing lessons for toddlers, children and adults in Etterbeek. Organizing private parties, team-building and Art&Wine events\",\"breadcrumb\":{\"@id\":\"https:\\\/\\\/atelierbonjour.be\\\/#breadcrumb\"},\"inLanguage\":\"fr-BE\",\"potentialAction\":[{\"@type\":\"ReadAction\",\"target\":[\"https:\\\/\\\/atelierbonjour.be\\\/\"]}]},{\"@type\":\"ImageObject\",\"inLanguage\":\"fr-BE\",\"@id\":\"https:\\\/\\\/atelierbonjour.be\\\/#primaryimage\",\"url\":\"https:\\\/\\\/atelierbonjour.be\\\/wp-content\\\/uploads\\\/2024\\\/09\\\/Untitled_Artwork-4.png\",\"contentUrl\":\"https:\\\/\\\/atelierbonjour.be\\\/wp-content\\\/uploads\\\/2024\\\/09\\\/Untitled_Artwork-4.png\",\"width\":2480,\"height\":3508},{\"@type\":\"BreadcrumbList\",\"@id\":\"https:\\\/\\\/atelierbonjour.be\\\/#breadcrumb\",\"itemListElement\":[{\"@type\":\"ListItem\",\"position\":1,\"name\":\"Home\",\"item\":\"https:\\\/\\\/atelierbonjour.be\\\/\"},{\"@type\":\"ListItem\",\"position\":2,\"name\":\"Home\"}]},{\"@type\":\"WebSite\",\"@id\":\"https:\\\/\\\/atelierbonjour.be\\\/#website\",\"url\":\"https:\\\/\\\/atelierbonjour.be\\\/\",\"name\":\"Atelier Bonjour\",\"description\":\"Painting and drawing lessons for toddlers, children and adults in Etterbeek. Organizing private parties, team-building and Art&amp;Wine events\",\"publisher\":{\"@id\":\"https:\\\/\\\/atelierbonjour.be\\\/#organization\"},\"potentialAction\":[{\"@type\":\"SearchAction\",\"target\":{\"@type\":\"EntryPoint\",\"urlTemplate\":\"https:\\\/\\\/atelierbonjour.be\\\/?s={search_term_string}\"},\"query-input\":{\"@type\":\"PropertyValueSpecification\",\"valueRequired\":true,\"valueName\":\"search_term_string\"}}],\"inLanguage\":\"fr-BE\"},{\"@type\":\"Organization\",\"@id\":\"https:\\\/\\\/atelierbonjour.be\\\/#organization\",\"name\":\"Atelier Bonjour\",\"url\":\"https:\\\/\\\/atelierbonjour.be\\\/\",\"logo\":{\"@type\":\"ImageObject\",\"inLanguage\":\"fr-BE\",\"@id\":\"https:\\\/\\\/atelierbonjour.be\\\/#\\\/schema\\\/logo\\\/image\\\/\",\"url\":\"https:\\\/\\\/atelierbonjour.be\\\/wp-content\\\/uploads\\\/2024\\\/09\\\/cropped-IMG_1373.jpg\",\"contentUrl\":\"https:\\\/\\\/atelierbonjour.be\\\/wp-content\\\/uploads\\\/2024\\\/09\\\/cropped-IMG_1373.jpg\",\"width\":512,\"height\":512,\"caption\":\"Atelier Bonjour\"},\"image\":{\"@id\":\"https:\\\/\\\/atelierbonjour.be\\\/#\\\/schema\\\/logo\\\/image\\\/\"},\"sameAs\":[\"https:\\\/\\\/www.facebook.com\\\/bonjourrr\"]}]}<\/script>\n<!-- \/ Yoast SEO plugin. -->","yoast_head_json":{"title":"Home - Atelier Bonjour - Painting Classes for Children in Brussels","description":"Painting and drawing lessons for toddlers, children and adults in Etterbeek. Organizing private parties, team-building and Art&Wine events","robots":{"index":"index","follow":"follow","max-snippet":"max-snippet:-1","max-image-preview":"max-image-preview:large","max-video-preview":"max-video-preview:-1"},"canonical":"https:\/\/atelierbonjour.be\/fr\/","og_locale":"fr_FR","og_type":"article","og_title":"Home - Atelier Bonjour - Painting Classes for Children in Brussels","og_description":"Painting and drawing lessons for toddlers, children and adults in Etterbeek. Organizing private parties, team-building and Art&Wine events","og_url":"https:\/\/atelierbonjour.be\/fr\/","og_site_name":"Atelier Bonjour","article_publisher":"https:\/\/www.facebook.com\/bonjourrr","article_modified_time":"2025-03-03T16:13:46+00:00","og_image":[{"width":2480,"height":3508,"url":"https:\/\/atelierbonjour.be\/wp-content\/uploads\/2024\/09\/Untitled_Artwork-4.png","type":"image\/png"}],"twitter_card":"summary_large_image","twitter_misc":{"Dur\u00e9e de lecture est.":"1 minute"},"schema":{"@context":"https:\/\/schema.org","@graph":[{"@type":"WebPage","@id":"https:\/\/atelierbonjour.be\/","url":"https:\/\/atelierbonjour.be\/","name":"Home - Atelier Bonjour - Painting Classes for Children in Brussels","isPartOf":{"@id":"https:\/\/atelierbonjour.be\/#website"},"primaryImageOfPage":{"@id":"https:\/\/atelierbonjour.be\/#primaryimage"},"image":{"@id":"https:\/\/atelierbonjour.be\/#primaryimage"},"thumbnailUrl":"https:\/\/atelierbonjour.be\/wp-content\/uploads\/2024\/09\/Untitled_Artwork-4.png","datePublished":"2021-07-31T08:47:47+00:00","dateModified":"2025-03-03T16:13:46+00:00","description":"Painting and drawing lessons for toddlers, children and adults in Etterbeek. Organizing private parties, team-building and Art&Wine events","breadcrumb":{"@id":"https:\/\/atelierbonjour.be\/#breadcrumb"},"inLanguage":"fr-BE","potentialAction":[{"@type":"ReadAction","target":["https:\/\/atelierbonjour.be\/"]}]},{"@type":"ImageObject","inLanguage":"fr-BE","@id":"https:\/\/atelierbonjour.be\/#primaryimage","url":"https:\/\/atelierbonjour.be\/wp-content\/uploads\/2024\/09\/Untitled_Artwork-4.png","contentUrl":"https:\/\/atelierbonjour.be\/wp-content\/uploads\/2024\/09\/Untitled_Artwork-4.png","width":2480,"height":3508},{"@type":"BreadcrumbList","@id":"https:\/\/atelierbonjour.be\/#breadcrumb","itemListElement":[{"@type":"ListItem","position":1,"name":"Home","item":"https:\/\/atelierbonjour.be\/"},{"@type":"ListItem","position":2,"name":"Home"}]},{"@type":"WebSite","@id":"https:\/\/atelierbonjour.be\/#website","url":"https:\/\/atelierbonjour.be\/","name":"Atelier Bonjour","description":"Painting and drawing lessons for toddlers, children and adults in Etterbeek. Organizing private parties, team-building and Art&amp;Wine events","publisher":{"@id":"https:\/\/atelierbonjour.be\/#organization"},"potentialAction":[{"@type":"SearchAction","target":{"@type":"EntryPoint","urlTemplate":"https:\/\/atelierbonjour.be\/?s={search_term_string}"},"query-input":{"@type":"PropertyValueSpecification","valueRequired":true,"valueName":"search_term_string"}}],"inLanguage":"fr-BE"},{"@type":"Organization","@id":"https:\/\/atelierbonjour.be\/#organization","name":"Atelier Bonjour","url":"https:\/\/atelierbonjour.be\/","logo":{"@type":"ImageObject","inLanguage":"fr-BE","@id":"https:\/\/atelierbonjour.be\/#\/schema\/logo\/image\/","url":"https:\/\/atelierbonjour.be\/wp-content\/uploads\/2024\/09\/cropped-IMG_1373.jpg","contentUrl":"https:\/\/atelierbonjour.be\/wp-content\/uploads\/2024\/09\/cropped-IMG_1373.jpg","width":512,"height":512,"caption":"Atelier Bonjour"},"image":{"@id":"https:\/\/atelierbonjour.be\/#\/schema\/logo\/image\/"},"sameAs":["https:\/\/www.facebook.com\/bonjourrr"]}]}},"_links":{"self":[{"href":"https:\/\/atelierbonjour.be\/fr\/wp-json\/wp\/v2\/pages\/148","targetHints":{"allow":["GET"]}}],"collection":[{"href":"https:\/\/atelierbonjour.be\/fr\/wp-json\/wp\/v2\/pages"}],"about":[{"href":"https:\/\/atelierbonjour.be\/fr\/wp-json\/wp\/v2\/types\/page"}],"author":[{"embeddable":true,"href":"https:\/\/atelierbonjour.be\/fr\/wp-json\/wp\/v2\/users\/2"}],"replies":[{"embeddable":true,"href":"https:\/\/atelierbonjour.be\/fr\/wp-json\/wp\/v2\/comments?post=148"}],"version-history":[{"count":18,"href":"https:\/\/atelierbonjour.be\/fr\/wp-json\/wp\/v2\/pages\/148\/revisions"}],"predecessor-version":[{"id":2207,"href":"https:\/\/atelierbonjour.be\/fr\/wp-json\/wp\/v2\/pages\/148\/revisions\/2207"}],"wp:featuredmedia":[{"embeddable":true,"href":"https:\/\/atelierbonjour.be\/fr\/wp-json\/wp\/v2\/media\/781"}],"wp:attachment":[{"href":"https:\/\/atelierbonjour.be\/fr\/wp-json\/wp\/v2\/media?parent=148"}],"curies":[{"name":"wp","href":"https:\/\/api.w.org\/{rel}","templated":true}]}}